{"id":12,"date":"2018-07-23T08:25:25","date_gmt":"2018-07-23T06:25:25","guid":{"rendered":"http:\/\/sigma-plus.hr\/?page_id=12"},"modified":"2021-04-29T21:59:40","modified_gmt":"2021-04-29T19:59:40","slug":"about","status":"publish","type":"page","link":"https:\/\/sigma-plus.hr\/index.php\/about\/","title":{"rendered":"Materijali"},"content":{"rendered":"\n<h2 class=\"wp-block-heading\">Eurodekor melaminski oplemenjene plo\u010de iverice<\/h2>\n\n\n\n<div style=\"height:20px\" aria-hidden=\"true\" class=\"wp-block-spacer\"><\/div>\n\n\n\n<h4 class=\"wp-block-heading\">Eurodekor melaminski oplemenjene plo\u010de  <\/h4>\n\n\n\n<p>Gotovo dekorativno rje\u0161enje spremno za uporabu, osim obrade rubova ne  treba dodatnu obradu. Radi se o ekonomi\u010dnom rje\u0161enju, koje ipak nije  ni\u0161ta manje estetsko zahvaljuju\u0107i priznatoj kvaliteti reprodukcije EGGER  dekora i struktura.<br>Drvna plo\u010da s dekorom, s obje strane oblo\u017eena  dekor papirom impregniranim melaminskom smolom (EN 14322). Odabir nosive  plo\u010de ovisi o okolini i potrebnim mehani\u010dkim svojstivima. Povr\u0161inska  struktura<br>posti\u017ee se pre\u0161anjem s graviranim plo\u010dama od kromiranog \u010delika. <\/p>\n\n\n\n<figure class=\"wp-block-image\"><img loading=\"lazy\" decoding=\"async\" width=\"850\" height=\"283\" src=\"http:\/\/sigma-plus.hr\/wp-content\/uploads\/2019\/03\/Eurodekor-melaminski-oplemenjene-ploce.jpg\" alt=\"\" class=\"wp-image-2163\" srcset=\"https:\/\/sigma-plus.hr\/wp-content\/uploads\/2019\/03\/Eurodekor-melaminski-oplemenjene-ploce.jpg 850w, https:\/\/sigma-plus.hr\/wp-content\/uploads\/2019\/03\/Eurodekor-melaminski-oplemenjene-ploce-300x100.jpg 300w, https:\/\/sigma-plus.hr\/wp-content\/uploads\/2019\/03\/Eurodekor-melaminski-oplemenjene-ploce-64x21.jpg 64w, https:\/\/sigma-plus.hr\/wp-content\/uploads\/2019\/03\/Eurodekor-melaminski-oplemenjene-ploce-768x256.jpg 768w, https:\/\/sigma-plus.hr\/wp-content\/uploads\/2019\/03\/Eurodekor-melaminski-oplemenjene-ploce-520x173.jpg 520w\" sizes=\"auto, (max-width: 850px) 100vw, 850px\" \/><\/figure>\n\n\n\n<div style=\"height:20px\" aria-hidden=\"true\" class=\"wp-block-spacer\"><\/div>\n\n\n\n<h4 class=\"wp-block-heading\">Feelwood &#8211; povr\u0161ine sa sinkroniziranim porama<\/h4>\n\n\n\n<ul class=\"wp-block-list\"><li>Funkcija sinkroniziranih pora je uskladiti strukturu i uzorak godova drva, kako bi se postigao rezultat koji se dosada mogao vidjeti samo kod drvnih furnira.<\/li><li>EGGER je ulo\u017eio u najmoderniju tehnologiju za proizvodnju melaminski oplemenjenih plo\u010da s povr\u0161inom sa sinkroniziranim porama na obje strane.<\/li><\/ul>\n\n\n\n<p><strong>Tehni\u010dki podaci<\/strong> <\/p>\n\n\n\n<ul class=\"wp-block-list\"><li>Proizvod se mo\u017ee 100 % reciklirati.<\/li><li>Zna\u010dajke melaminski oplemenjenih plo\u010da odnose se na povr\u0161insku otpornost prema EN 14322. Mehani\u010dke zna\u010dajke ovise o odabranoj nosivoj plo\u010di.<\/li><li>Posavjetujte se s nama prije odabira razli\u010ditih dekora na jednoj strani plo\u010de ili plo\u010da koje imaju sirovu pole\u0111inu.<\/li><li>Op\u0107enito, za svaku kombinaciju dekora i strukture koja se razlikuje od predlo\u017eene mora se provesti prethodna provjera izvedivosti.<\/li><li>Za neke zavr\u0161ne slojeve potrebna je vi\u0161eslojna struktura (vi\u0161e slojeva papira na svakoj strani). Kona\u010dna debljina plo\u010de mo\u017ee se razlikovati od debljine plo\u010de oplemenjene jednim slojem melamina za 0,4 do 1 mm.<\/li><\/ul>\n\n\n\n<div style=\"height:20px\" aria-hidden=\"true\" class=\"wp-block-spacer\"><\/div>\n\n\n\n<hr class=\"wp-block-separator\"\/>\n\n\n\n<h3 class=\"wp-block-heading\">PerfectSense lakirane plo\u010de<\/h3>\n\n\n\n<p>PerfectSense Matt i Gloss lakirane plo\u010de Linija PerfectSense ozna\u010dila je pojavu nove kategorije dekorativnih plo\u010da, druga\u010dijih od klasi\u010dnih melaminski oplemenjenih plo\u010da. Revolucionarni UV premaz (izveden inertnom kalander tehnologijom premazivanja) dodatno pobolj\u0161ava povr\u0161ine plo\u010da.<br>Razvoj zrcalne povr\u0161ine na Gloss plo\u010dama i svojstva otpornosti na otiske prstiju na Matt plo\u010dama u kombinaciji s tako velikom otporno\u0161\u0107u predstavlja prijelomnu novost kod ovih proizvoda. S novom kategorijom proizvoda, PerfectSense, EGGER nudi gotove povr\u0161ine visoke kvalitete koje su dostupne i ekonomski isplative.<\/p>\n\n\n\n<figure class=\"wp-block-image\"><img loading=\"lazy\" decoding=\"async\" width=\"850\" height=\"425\" src=\"http:\/\/sigma-plus.hr\/wp-content\/uploads\/2019\/03\/PerfectSense_lakirane-ploce_struktura.jpg\" alt=\"\" class=\"wp-image-2212\" srcset=\"https:\/\/sigma-plus.hr\/wp-content\/uploads\/2019\/03\/PerfectSense_lakirane-ploce_struktura.jpg 850w, https:\/\/sigma-plus.hr\/wp-content\/uploads\/2019\/03\/PerfectSense_lakirane-ploce_struktura-300x150.jpg 300w, https:\/\/sigma-plus.hr\/wp-content\/uploads\/2019\/03\/PerfectSense_lakirane-ploce_struktura-64x32.jpg 64w, https:\/\/sigma-plus.hr\/wp-content\/uploads\/2019\/03\/PerfectSense_lakirane-ploce_struktura-768x384.jpg 768w, https:\/\/sigma-plus.hr\/wp-content\/uploads\/2019\/03\/PerfectSense_lakirane-ploce_struktura-520x260.jpg 520w\" sizes=\"auto, (max-width: 850px) 100vw, 850px\" \/><\/figure>\n\n\n\n<h4 class=\"wp-block-heading\">PerfectSense Matt (PM)<\/h4>\n\n\n\n<p>Ovo je povr\u0161ina izrazito niskog sjaja, s mat zavr\u0161nim slojem na kojem ne  ostaju otisci prstiju, u skladu s najnovijim minimalisti\u010dkim  trendovima.  <br><\/p>\n\n\n\n<p><strong>  Tehni\u010dki podaci <\/strong><\/p>\n\n\n\n<ul class=\"wp-block-list\"><li> Bar\u0161unasta na dodir, niskog sjaja<\/li><li> Ne ostaju otisci prstiju<\/li><li> Dostupna i kao laminat <\/li><\/ul>\n\n\n\n<div style=\"height:20px\" aria-hidden=\"true\" class=\"wp-block-spacer\"><\/div>\n\n\n\n<h4 class=\"wp-block-heading\">PerfectSense Gloss (PG)<strong>\ufeff<\/strong><\/h4>\n\n\n\n<p>Ova povr\u0161ina odlikuje se izuzetno sjajnim zavr\u0161nim slojem, koji je izdvaja od drugih klasi\u010dnih sjajnih povr\u0161ina.<\/p>\n\n\n\n<p><strong>Tehni\u010dki podaci <\/strong><\/p>\n\n\n\n<ul class=\"wp-block-list\"><li>Do sada se percepcija dubine (zrcalni efekt) mogla posti\u0107i samo sa staklom ili akrilom<\/li><li>Nema iskrivljavanja slike niti efekta naran\u010dine kore<\/li><li>Isporu\u010duje se sa za\u0161titnim filmom<\/li><\/ul>\n\n\n\n<hr class=\"wp-block-separator\"\/>\n\n\n\n<h3 class=\"wp-block-heading\"><strong>Radne plo\u010de<\/strong><\/h3>\n\n\n\n<div class=\"wp-block-columns has-2-columns is-layout-flex wp-container-core-columns-is-layout-9d6595d7 wp-block-columns-is-layout-flex\">\n<div class=\"wp-block-column is-layout-flow wp-block-column-is-layout-flow\">\n<div class=\"wp-block-image\"><figure class=\"alignright\"><img loading=\"lazy\" decoding=\"async\" width=\"518\" height=\"313\" src=\"http:\/\/sigma-plus.hr\/wp-content\/uploads\/2019\/03\/Radna-ploca_postforming-model-.jpg\" alt=\"Postforming model\" class=\"wp-image-2209\" srcset=\"https:\/\/sigma-plus.hr\/wp-content\/uploads\/2019\/03\/Radna-ploca_postforming-model-.jpg 518w, https:\/\/sigma-plus.hr\/wp-content\/uploads\/2019\/03\/Radna-ploca_postforming-model--300x181.jpg 300w, https:\/\/sigma-plus.hr\/wp-content\/uploads\/2019\/03\/Radna-ploca_postforming-model--64x39.jpg 64w\" sizes=\"auto, (max-width: 518px) 100vw, 518px\" \/><figcaption>Postforming model <\/figcaption><\/figure><\/div>\n\n\n<\/div>\n\n\n\n<div class=\"wp-block-column is-layout-flow wp-block-column-is-layout-flow\">\n<div class=\"wp-block-image\"><figure class=\"alignleft\"><img loading=\"lazy\" decoding=\"async\" width=\"518\" height=\"313\" src=\"http:\/\/sigma-plus.hr\/wp-content\/uploads\/2019\/03\/Radna-ploca_model-s-ravnim-rubom.jpg\" alt=\"\" class=\"wp-image-2213\" srcset=\"https:\/\/sigma-plus.hr\/wp-content\/uploads\/2019\/03\/Radna-ploca_model-s-ravnim-rubom.jpg 518w, https:\/\/sigma-plus.hr\/wp-content\/uploads\/2019\/03\/Radna-ploca_model-s-ravnim-rubom-300x181.jpg 300w, https:\/\/sigma-plus.hr\/wp-content\/uploads\/2019\/03\/Radna-ploca_model-s-ravnim-rubom-64x39.jpg 64w\" sizes=\"auto, (max-width: 518px) 100vw, 518px\" \/><figcaption>Model s ravnim rubom <\/figcaption><\/figure><\/div>\n\n\n<\/div>\n<\/div>\n\n\n\n<h4 class=\"wp-block-heading\">Postforming model <\/h4>\n\n\n\n<p> Jezgra od plo\u010de iverice oblo\u017eena laminatom, sa zaobljenim profi lom na jednom ili oba dulja ruba. Ono po \u010demu se postforming radne plo\u010de razlikuju od drugih je be\u0161avni prijelaz s povr\u0161ine na rub plo\u010de.<\/p>\n\n\n\n<div style=\"height:20px\" aria-hidden=\"true\" class=\"wp-block-spacer\"><\/div>\n\n\n\n<h4 class=\"wp-block-heading\">Model s ravnim rubom <\/h4>\n\n\n\n<p> Jezgra od plo\u010de iverice oblo\u017eena laminatom, s ravnim rubom. Rub je izveden ABS rubnom trakom debljine 1,5 mm. Ta debljina je idealna jer osigurava dobru za\u0161titu ruba, a istovremeno se uklapa u najnoviji trend<br> tanke elegancije.<\/p>\n\n\n\n<hr class=\"wp-block-separator\"\/>\n\n\n","protected":false},"excerpt":{"rendered":"<p>Eurodekor melaminski oplemenjene plo\u010de iverice Eurodekor melaminski oplemenjene plo\u010de Gotovo dekorativno rje\u0161enje spremno za uporabu, osim obrade rubova ne treba dodatnu obradu. Radi se o ekonomi\u010dnom rje\u0161enju, koje ipak nije ni\u0161ta manje estetsko zahvaljuju\u0107i&#46;&#46;&#46;<\/p>\n","protected":false},"author":1,"featured_media":0,"parent":0,"menu_order":0,"comment_status":"closed","ping_status":"closed","template":"","meta":{"footnotes":""},"class_list":["post-12","page","type-page","status-publish","hentry"],"yoast_head":"<!-- This site is optimized with the Yoast SEO plugin v27.4 - https:\/\/yoast.com\/product\/yoast-seo-wordpress\/ -->\n<title>Materijali - SIGMA PLUS Sve za namje\u0161taj<\/title>\n<meta name=\"description\" content=\"Alu-style, Cleaf, Egger, Gamet, Grass, H\u00e4fele, Icas Kesseboehmer, Lehmann, Nehl, Raumplus, Schwinn, Vitris, Zobal\" \/>\n<meta name=\"robots\" content=\"index, follow, max-snippet:-1, max-image-preview:large, max-video-preview:-1\" \/>\n<link rel=\"canonical\" href=\"https:\/\/sigma-plus.hr\/index.php\/about\/\" \/>\n<meta property=\"og:locale\" content=\"hr_HR\" \/>\n<meta property=\"og:type\" content=\"article\" \/>\n<meta property=\"og:title\" content=\"Materijali - SIGMA PLUS Sve za namje\u0161taj\" \/>\n<meta property=\"og:description\" content=\"Alu-style, Cleaf, Egger, Gamet, Grass, H\u00e4fele, Icas Kesseboehmer, Lehmann, Nehl, Raumplus, Schwinn, Vitris, Zobal\" \/>\n<meta property=\"og:url\" content=\"https:\/\/sigma-plus.hr\/index.php\/about\/\" \/>\n<meta property=\"og:site_name\" content=\"SIGMA PLUS\" \/>\n<meta property=\"article:publisher\" content=\"https:\/\/www.facebook.com\/SigmaPlusNamjestaj\/\" \/>\n<meta property=\"article:modified_time\" content=\"2021-04-29T19:59:40+00:00\" \/>\n<meta property=\"og:image\" content=\"http:\/\/sigma-plus.hr\/wp-content\/uploads\/2019\/03\/Eurodekor-melaminski-oplemenjene-ploce.jpg\" \/>\n<meta name=\"twitter:card\" content=\"summary_large_image\" \/>\n<meta name=\"twitter:label1\" content=\"Procijenjeno vrijeme \u010ditanja\" \/>\n\t<meta name=\"twitter:data1\" content=\"3 minute\" \/>\n<script type=\"application\/ld+json\" class=\"yoast-schema-graph\">{\"@context\":\"https:\\\/\\\/schema.org\",\"@graph\":[{\"@type\":\"WebPage\",\"@id\":\"https:\\\/\\\/sigma-plus.hr\\\/index.php\\\/about\\\/\",\"url\":\"https:\\\/\\\/sigma-plus.hr\\\/index.php\\\/about\\\/\",\"name\":\"Materijali - SIGMA PLUS Sve za namje\u0161taj\",\"isPartOf\":{\"@id\":\"https:\\\/\\\/sigma-plus.hr\\\/#website\"},\"primaryImageOfPage\":{\"@id\":\"https:\\\/\\\/sigma-plus.hr\\\/index.php\\\/about\\\/#primaryimage\"},\"image\":{\"@id\":\"https:\\\/\\\/sigma-plus.hr\\\/index.php\\\/about\\\/#primaryimage\"},\"thumbnailUrl\":\"http:\\\/\\\/sigma-plus.hr\\\/wp-content\\\/uploads\\\/2019\\\/03\\\/Eurodekor-melaminski-oplemenjene-ploce.jpg\",\"datePublished\":\"2018-07-23T06:25:25+00:00\",\"dateModified\":\"2021-04-29T19:59:40+00:00\",\"description\":\"Alu-style, Cleaf, Egger, Gamet, Grass, H\u00e4fele, Icas Kesseboehmer, Lehmann, Nehl, Raumplus, Schwinn, Vitris, Zobal\",\"breadcrumb\":{\"@id\":\"https:\\\/\\\/sigma-plus.hr\\\/index.php\\\/about\\\/#breadcrumb\"},\"inLanguage\":\"hr\",\"potentialAction\":[{\"@type\":\"ReadAction\",\"target\":[\"https:\\\/\\\/sigma-plus.hr\\\/index.php\\\/about\\\/\"]}]},{\"@type\":\"ImageObject\",\"inLanguage\":\"hr\",\"@id\":\"https:\\\/\\\/sigma-plus.hr\\\/index.php\\\/about\\\/#primaryimage\",\"url\":\"https:\\\/\\\/sigma-plus.hr\\\/wp-content\\\/uploads\\\/2019\\\/03\\\/Eurodekor-melaminski-oplemenjene-ploce.jpg\",\"contentUrl\":\"https:\\\/\\\/sigma-plus.hr\\\/wp-content\\\/uploads\\\/2019\\\/03\\\/Eurodekor-melaminski-oplemenjene-ploce.jpg\",\"width\":850,\"height\":283},{\"@type\":\"BreadcrumbList\",\"@id\":\"https:\\\/\\\/sigma-plus.hr\\\/index.php\\\/about\\\/#breadcrumb\",\"itemListElement\":[{\"@type\":\"ListItem\",\"position\":1,\"name\":\"Po\u010detna stranica\",\"item\":\"https:\\\/\\\/sigma-plus.hr\\\/\"},{\"@type\":\"ListItem\",\"position\":2,\"name\":\"Materijali\"}]},{\"@type\":\"WebSite\",\"@id\":\"https:\\\/\\\/sigma-plus.hr\\\/#website\",\"url\":\"https:\\\/\\\/sigma-plus.hr\\\/\",\"name\":\"SIGMA PLUS\",\"description\":\"DIZAJN \\\/ FUNKCIONALNOST \\\/ KVALITETA\",\"publisher\":{\"@id\":\"https:\\\/\\\/sigma-plus.hr\\\/#organization\"},\"potentialAction\":[{\"@type\":\"SearchAction\",\"target\":{\"@type\":\"EntryPoint\",\"urlTemplate\":\"https:\\\/\\\/sigma-plus.hr\\\/?s={search_term_string}\"},\"query-input\":{\"@type\":\"PropertyValueSpecification\",\"valueRequired\":true,\"valueName\":\"search_term_string\"}}],\"inLanguage\":\"hr\"},{\"@type\":\"Organization\",\"@id\":\"https:\\\/\\\/sigma-plus.hr\\\/#organization\",\"name\":\"Sigma plus d.o.o.\",\"url\":\"https:\\\/\\\/sigma-plus.hr\\\/\",\"logo\":{\"@type\":\"ImageObject\",\"inLanguage\":\"hr\",\"@id\":\"https:\\\/\\\/sigma-plus.hr\\\/#\\\/schema\\\/logo\\\/image\\\/\",\"url\":\"https:\\\/\\\/sigma-plus.hr\\\/wp-content\\\/uploads\\\/2018\\\/10\\\/sigma-plus_logo1.png\",\"contentUrl\":\"https:\\\/\\\/sigma-plus.hr\\\/wp-content\\\/uploads\\\/2018\\\/10\\\/sigma-plus_logo1.png\",\"width\":394,\"height\":91,\"caption\":\"Sigma plus d.o.o.\"},\"image\":{\"@id\":\"https:\\\/\\\/sigma-plus.hr\\\/#\\\/schema\\\/logo\\\/image\\\/\"},\"sameAs\":[\"https:\\\/\\\/www.facebook.com\\\/SigmaPlusNamjestaj\\\/\"]}]}<\/script>\n<!-- \/ Yoast SEO plugin. -->","yoast_head_json":{"title":"Materijali - SIGMA PLUS Sve za namje\u0161taj","description":"Alu-style, Cleaf, Egger, Gamet, Grass, H\u00e4fele, Icas Kesseboehmer, Lehmann, Nehl, Raumplus, Schwinn, Vitris, Zobal","robots":{"index":"index","follow":"follow","max-snippet":"max-snippet:-1","max-image-preview":"max-image-preview:large","max-video-preview":"max-video-preview:-1"},"canonical":"https:\/\/sigma-plus.hr\/index.php\/about\/","og_locale":"hr_HR","og_type":"article","og_title":"Materijali - SIGMA PLUS Sve za namje\u0161taj","og_description":"Alu-style, Cleaf, Egger, Gamet, Grass, H\u00e4fele, Icas Kesseboehmer, Lehmann, Nehl, Raumplus, Schwinn, Vitris, Zobal","og_url":"https:\/\/sigma-plus.hr\/index.php\/about\/","og_site_name":"SIGMA PLUS","article_publisher":"https:\/\/www.facebook.com\/SigmaPlusNamjestaj\/","article_modified_time":"2021-04-29T19:59:40+00:00","og_image":[{"url":"http:\/\/sigma-plus.hr\/wp-content\/uploads\/2019\/03\/Eurodekor-melaminski-oplemenjene-ploce.jpg","type":"","width":"","height":""}],"twitter_card":"summary_large_image","twitter_misc":{"Procijenjeno vrijeme \u010ditanja":"3 minute"},"schema":{"@context":"https:\/\/schema.org","@graph":[{"@type":"WebPage","@id":"https:\/\/sigma-plus.hr\/index.php\/about\/","url":"https:\/\/sigma-plus.hr\/index.php\/about\/","name":"Materijali - SIGMA PLUS Sve za namje\u0161taj","isPartOf":{"@id":"https:\/\/sigma-plus.hr\/#website"},"primaryImageOfPage":{"@id":"https:\/\/sigma-plus.hr\/index.php\/about\/#primaryimage"},"image":{"@id":"https:\/\/sigma-plus.hr\/index.php\/about\/#primaryimage"},"thumbnailUrl":"http:\/\/sigma-plus.hr\/wp-content\/uploads\/2019\/03\/Eurodekor-melaminski-oplemenjene-ploce.jpg","datePublished":"2018-07-23T06:25:25+00:00","dateModified":"2021-04-29T19:59:40+00:00","description":"Alu-style, Cleaf, Egger, Gamet, Grass, H\u00e4fele, Icas Kesseboehmer, Lehmann, Nehl, Raumplus, Schwinn, Vitris, Zobal","breadcrumb":{"@id":"https:\/\/sigma-plus.hr\/index.php\/about\/#breadcrumb"},"inLanguage":"hr","potentialAction":[{"@type":"ReadAction","target":["https:\/\/sigma-plus.hr\/index.php\/about\/"]}]},{"@type":"ImageObject","inLanguage":"hr","@id":"https:\/\/sigma-plus.hr\/index.php\/about\/#primaryimage","url":"https:\/\/sigma-plus.hr\/wp-content\/uploads\/2019\/03\/Eurodekor-melaminski-oplemenjene-ploce.jpg","contentUrl":"https:\/\/sigma-plus.hr\/wp-content\/uploads\/2019\/03\/Eurodekor-melaminski-oplemenjene-ploce.jpg","width":850,"height":283},{"@type":"BreadcrumbList","@id":"https:\/\/sigma-plus.hr\/index.php\/about\/#breadcrumb","itemListElement":[{"@type":"ListItem","position":1,"name":"Po\u010detna stranica","item":"https:\/\/sigma-plus.hr\/"},{"@type":"ListItem","position":2,"name":"Materijali"}]},{"@type":"WebSite","@id":"https:\/\/sigma-plus.hr\/#website","url":"https:\/\/sigma-plus.hr\/","name":"SIGMA PLUS","description":"DIZAJN \/ FUNKCIONALNOST \/ KVALITETA","publisher":{"@id":"https:\/\/sigma-plus.hr\/#organization"},"potentialAction":[{"@type":"SearchAction","target":{"@type":"EntryPoint","urlTemplate":"https:\/\/sigma-plus.hr\/?s={search_term_string}"},"query-input":{"@type":"PropertyValueSpecification","valueRequired":true,"valueName":"search_term_string"}}],"inLanguage":"hr"},{"@type":"Organization","@id":"https:\/\/sigma-plus.hr\/#organization","name":"Sigma plus d.o.o.","url":"https:\/\/sigma-plus.hr\/","logo":{"@type":"ImageObject","inLanguage":"hr","@id":"https:\/\/sigma-plus.hr\/#\/schema\/logo\/image\/","url":"https:\/\/sigma-plus.hr\/wp-content\/uploads\/2018\/10\/sigma-plus_logo1.png","contentUrl":"https:\/\/sigma-plus.hr\/wp-content\/uploads\/2018\/10\/sigma-plus_logo1.png","width":394,"height":91,"caption":"Sigma plus d.o.o."},"image":{"@id":"https:\/\/sigma-plus.hr\/#\/schema\/logo\/image\/"},"sameAs":["https:\/\/www.facebook.com\/SigmaPlusNamjestaj\/"]}]}},"_links":{"self":[{"href":"https:\/\/sigma-plus.hr\/index.php\/wp-json\/wp\/v2\/pages\/12","targetHints":{"allow":["GET"]}}],"collection":[{"href":"https:\/\/sigma-plus.hr\/index.php\/wp-json\/wp\/v2\/pages"}],"about":[{"href":"https:\/\/sigma-plus.hr\/index.php\/wp-json\/wp\/v2\/types\/page"}],"author":[{"embeddable":true,"href":"https:\/\/sigma-plus.hr\/index.php\/wp-json\/wp\/v2\/users\/1"}],"replies":[{"embeddable":true,"href":"https:\/\/sigma-plus.hr\/index.php\/wp-json\/wp\/v2\/comments?post=12"}],"version-history":[{"count":73,"href":"https:\/\/sigma-plus.hr\/index.php\/wp-json\/wp\/v2\/pages\/12\/revisions"}],"predecessor-version":[{"id":5185,"href":"https:\/\/sigma-plus.hr\/index.php\/wp-json\/wp\/v2\/pages\/12\/revisions\/5185"}],"wp:attachment":[{"href":"https:\/\/sigma-plus.hr\/index.php\/wp-json\/wp\/v2\/media?parent=12"}],"curies":[{"name":"wp","href":"https:\/\/api.w.org\/{rel}","templated":true}]}}