{"id":164,"date":"2018-10-18T13:30:58","date_gmt":"2018-10-18T11:30:58","guid":{"rendered":"http:\/\/sigma-plus.hr\/?page_id=164"},"modified":"2022-03-24T09:04:15","modified_gmt":"2022-03-24T08:04:15","slug":"o-nama","status":"publish","type":"page","link":"https:\/\/sigma-plus.hr\/index.php\/o-nama\/","title":{"rendered":"O nama"},"content":{"rendered":"\n<figure class=\"wp-block-image size-large\"><img loading=\"lazy\" decoding=\"async\" width=\"1024\" height=\"614\" src=\"https:\/\/sigma-plus.hr\/wp-content\/uploads\/2020\/04\/Sigmaplus_ulaz-2020-1-1024x614.jpg\" alt=\"\" class=\"wp-image-3663\" srcset=\"https:\/\/sigma-plus.hr\/wp-content\/uploads\/2020\/04\/Sigmaplus_ulaz-2020-1-1024x614.jpg 1024w, https:\/\/sigma-plus.hr\/wp-content\/uploads\/2020\/04\/Sigmaplus_ulaz-2020-1-300x180.jpg 300w, https:\/\/sigma-plus.hr\/wp-content\/uploads\/2020\/04\/Sigmaplus_ulaz-2020-1-64x38.jpg 64w, https:\/\/sigma-plus.hr\/wp-content\/uploads\/2020\/04\/Sigmaplus_ulaz-2020-1-768x460.jpg 768w, https:\/\/sigma-plus.hr\/wp-content\/uploads\/2020\/04\/Sigmaplus_ulaz-2020-1-520x312.jpg 520w, https:\/\/sigma-plus.hr\/wp-content\/uploads\/2020\/04\/Sigmaplus_ulaz-2020-1.jpg 1150w\" sizes=\"auto, (max-width: 1024px) 100vw, 1024px\" \/><\/figure>\n\n\n\n<hr class=\"wp-block-separator\"\/>\n\n\n\n<div class=\"wp-block-columns has-2-columns is-layout-flex wp-container-core-columns-is-layout-9d6595d7 wp-block-columns-is-layout-flex\">\n<div class=\"wp-block-column is-layout-flow wp-block-column-is-layout-flow\">\n<p>Tvrtka Sigma plus zapo\u010dela je radom jo\u0161 davne 1996. godine, skromno u okru\u017eenju Makarske, entuzijazmom poduzetnika punog vjere u sebe i svoje ciljeve. Sigma plus u svom pristupu radu i ciljanim tr\u017ei\u0161tima razlikuje se od konkurencije od svojih po\u010detaka pa do danas.<\/p>\n\n\n\n<p>Specifi\u010dnosti ponude i na\u010din rada te novi tehnolo\u0161ki iskorak drvnog centra Sigma plus ogledaju se i u \u010dinjenici da je 2012. godine napravljen iskorak prema tr\u017ei\u0161tu Zagreba otvaranjem novog drvnog centra znakovita imena Concept store.<\/p>\n\n\n\n<p>U svom poslovanju Sigma plus je usmjerena na podr\u0161ku stolarima kod opremanja zahtjevnih projekata kao \u0161to su hoteli, ljekarne, lije\u010dni\u010dke ordinacije i sl. U projektiranju se uvelike oslanjaju na softversku pripremu i obradu, na \u0161to se logi\u010dno nadovezuje kori\u0161tenje CNC tehnologije koja radne naloge preuzima u digitalnom formatu, \u010dime se posti\u017ee velika fleksibilnost obrade, pove\u0107ava produktivnost te se u kona\u010dnici skra\u0107uju rokovi isporuke. Dodatni zamah u Sigmi plus o\u010dekuju nabavkom novih tehnolo\u0161kih sustava koji omogu\u0107uju jo\u0161 ve\u0107e kapacitete obrade i znatno ve\u0107u produktivnost i kvalitetu obrade.<\/p>\n<\/div>\n\n\n\n<div class=\"wp-block-column is-layout-flow wp-block-column-is-layout-flow\">\n<h1 data-tadv-p=\"keep\"><strong><span class=\"tadv-color\" style=\"color: #abb8c3;\">Od svojih po\u010detaka<br>pa do danas Sigma plus <br>se razlikuje od konkurencije <br>u svom pristupu radu <br>i ciljanim tr\u017ei\u0161tima<\/span><\/strong><\/h1>\n\n\n\n<div style=\"height:45px\" aria-hidden=\"true\" class=\"wp-block-spacer\"><\/div>\n\n\n\n<p>\nPosljednjih godina je u izradi namje\u0161taja i opremanju interijera dominantan trend kori\u0161tenje iverice ili iverala kako se \u010desto kolokvijalno naziva oplemenjena iverica. Ono \u0161to se ipak mijenja su boje i struktura povr\u0161ina kojima se iverica oplemenjuje, pa su trenutno aktualne vrlo grube strukture i boje drveta koje su toliko vjerne da \u010dak i iskusni majstori te\u0161ko raspoznaju pravo drvo od vjernih reprodukcija. U ponudi plo\u010dastih materijala trenuta\u010dno su najatraktivniji dekori iverala sa vrlo jakim 3D efektom, termo strukturama povr\u0161ine (dobavlja\u010da EGGER i CLEAF), kao i ve\u0107i broj grupa proizvoda u podru\u010dju okova za pove\u0107anu funkcionalnost i dizajn namje\u0161taja.\n\n<\/p>\n<\/div>\n<\/div>\n\n\n\n<hr class=\"wp-block-separator\"\/>\n\n\n\n\n\n<div class=\"wp-block-columns is-layout-flex wp-container-core-columns-is-layout-9d6595d7 wp-block-columns-is-layout-flex\">\n<div class=\"wp-block-column is-layout-flow wp-block-column-is-layout-flow\">\n<p><strong>PRAVNE INFORMACIJE:<\/strong><\/p>\n<p><strong>Sud upisa: <br \/><\/strong>\u2022 Trgova\u010dki sud Split <br \/>\/ OIB: 25878895282 \/ MBS: 060036115<br \/>\u2022\u00a0Temeljni kapital:\u00a0 <br \/>220.000,00 Kn upla\u0107en u cjelosti <br \/>\u2022 Uprava: Vesna Vu\u010dko<\/p>\n<p>\u2022 <a href=\"https:\/\/sigma-plus.hr\/download\/SIGMAPLUS_Obavijest-nacin_prigovora.pdf\" target=\"_blank\" rel=\"noopener\">OBAVIJEST 0 NA\u010cINU PODNO\u0160ENJA<\/a><br \/><a href=\"https:\/\/sigma-plus.hr\/download\/SIGMAPLUS_Obavijest-nacin_prigovora.pdf\" target=\"_blank\" rel=\"noopener\">PRIGOVORA POTRO\u0160A\u010cA<\/a><\/p>\n<\/div>\n\n\n\n<div class=\"wp-block-column is-layout-flow wp-block-column-is-layout-flow\">\n<p><strong>\u017diro-ra\u010duni:<\/strong> <br>\u2022 Privredna banka d.d. Zagreb <br>IBAN: HR1923400091110668317<br>\u2022 Zagreba\u010dka banka d.d. Zagreb<br>IBAN: HR0923600001102399776<br>\u2022 OTP banka d.d. Zadar \/ SWIFT(BIC): OTPVHR2X<br>IBAN: HR9424070001100165474 <br>\u2022 AGRAM BANKA D.D. <br>IBAN: HR8924810001127001832<br>\u2022 Erste &amp; Steiermarkische bank d.d. <br>IBAN: HR1024020061100844506<\/p>\n<\/div>\n<\/div>\n\n\n\n<hr class=\"wp-block-separator\"\/>\n\n\n","protected":false},"excerpt":{"rendered":"<p>Tvrtka Sigma plus zapo\u010dela je radom jo\u0161 davne 1996. godine, skromno u okru\u017eenju Makarske, entuzijazmom poduzetnika punog vjere u sebe i svoje ciljeve. Sigma plus u svom pristupu radu i ciljanim tr\u017ei\u0161tima razlikuje se&#46;&#46;&#46;<\/p>\n","protected":false},"author":1,"featured_media":0,"parent":0,"menu_order":0,"comment_status":"closed","ping_status":"closed","template":"","meta":{"footnotes":""},"class_list":["post-164","page","type-page","status-publish","hentry"],"yoast_head":"<!-- This site is optimized with the Yoast SEO plugin v27.4 - https:\/\/yoast.com\/product\/yoast-seo-wordpress\/ -->\n<title>O nama - SIGMA PLUS Sve za namje\u0161taj<\/title>\n<meta name=\"description\" content=\"Alu-style, Cleaf, Egger, Gamet, Grass, Hafele, Icas Kesseboehmer, Lehmann, Nehl, Raumplus, Schwinn, Vitris, Zobal\" \/>\n<meta name=\"robots\" content=\"index, follow, max-snippet:-1, max-image-preview:large, max-video-preview:-1\" \/>\n<link rel=\"canonical\" href=\"https:\/\/sigma-plus.hr\/index.php\/o-nama\/\" \/>\n<meta property=\"og:locale\" content=\"hr_HR\" \/>\n<meta property=\"og:type\" content=\"article\" \/>\n<meta property=\"og:title\" content=\"O nama - SIGMA PLUS Sve za namje\u0161taj\" \/>\n<meta property=\"og:description\" content=\"Alu-style, Cleaf, Egger, Gamet, Grass, Hafele, Icas Kesseboehmer, Lehmann, Nehl, Raumplus, Schwinn, Vitris, Zobal\" \/>\n<meta property=\"og:url\" content=\"https:\/\/sigma-plus.hr\/index.php\/o-nama\/\" \/>\n<meta property=\"og:site_name\" content=\"SIGMA PLUS\" \/>\n<meta property=\"article:publisher\" content=\"https:\/\/www.facebook.com\/SigmaPlusNamjestaj\/\" \/>\n<meta property=\"article:modified_time\" content=\"2022-03-24T08:04:15+00:00\" \/>\n<meta property=\"og:image\" content=\"https:\/\/sigma-plus.hr\/wp-content\/uploads\/2020\/04\/Sigmaplus_ulaz-2020-1-1024x614.jpg\" \/>\n<meta name=\"twitter:card\" content=\"summary_large_image\" \/>\n<meta name=\"twitter:label1\" content=\"Procijenjeno vrijeme \u010ditanja\" \/>\n\t<meta name=\"twitter:data1\" content=\"3 minute\" \/>\n<script type=\"application\/ld+json\" class=\"yoast-schema-graph\">{\"@context\":\"https:\\\/\\\/schema.org\",\"@graph\":[{\"@type\":\"WebPage\",\"@id\":\"https:\\\/\\\/sigma-plus.hr\\\/index.php\\\/o-nama\\\/\",\"url\":\"https:\\\/\\\/sigma-plus.hr\\\/index.php\\\/o-nama\\\/\",\"name\":\"O nama - SIGMA PLUS Sve za namje\u0161taj\",\"isPartOf\":{\"@id\":\"https:\\\/\\\/sigma-plus.hr\\\/#website\"},\"primaryImageOfPage\":{\"@id\":\"https:\\\/\\\/sigma-plus.hr\\\/index.php\\\/o-nama\\\/#primaryimage\"},\"image\":{\"@id\":\"https:\\\/\\\/sigma-plus.hr\\\/index.php\\\/o-nama\\\/#primaryimage\"},\"thumbnailUrl\":\"https:\\\/\\\/sigma-plus.hr\\\/wp-content\\\/uploads\\\/2020\\\/04\\\/Sigmaplus_ulaz-2020-1-1024x614.jpg\",\"datePublished\":\"2018-10-18T11:30:58+00:00\",\"dateModified\":\"2022-03-24T08:04:15+00:00\",\"description\":\"Alu-style, Cleaf, Egger, Gamet, Grass, Hafele, Icas Kesseboehmer, Lehmann, Nehl, Raumplus, Schwinn, Vitris, Zobal\",\"breadcrumb\":{\"@id\":\"https:\\\/\\\/sigma-plus.hr\\\/index.php\\\/o-nama\\\/#breadcrumb\"},\"inLanguage\":\"hr\",\"potentialAction\":[{\"@type\":\"ReadAction\",\"target\":[\"https:\\\/\\\/sigma-plus.hr\\\/index.php\\\/o-nama\\\/\"]}]},{\"@type\":\"ImageObject\",\"inLanguage\":\"hr\",\"@id\":\"https:\\\/\\\/sigma-plus.hr\\\/index.php\\\/o-nama\\\/#primaryimage\",\"url\":\"https:\\\/\\\/sigma-plus.hr\\\/wp-content\\\/uploads\\\/2020\\\/04\\\/Sigmaplus_ulaz-2020-1.jpg\",\"contentUrl\":\"https:\\\/\\\/sigma-plus.hr\\\/wp-content\\\/uploads\\\/2020\\\/04\\\/Sigmaplus_ulaz-2020-1.jpg\",\"width\":1150,\"height\":689},{\"@type\":\"BreadcrumbList\",\"@id\":\"https:\\\/\\\/sigma-plus.hr\\\/index.php\\\/o-nama\\\/#breadcrumb\",\"itemListElement\":[{\"@type\":\"ListItem\",\"position\":1,\"name\":\"Po\u010detna stranica\",\"item\":\"https:\\\/\\\/sigma-plus.hr\\\/\"},{\"@type\":\"ListItem\",\"position\":2,\"name\":\"O nama\"}]},{\"@type\":\"WebSite\",\"@id\":\"https:\\\/\\\/sigma-plus.hr\\\/#website\",\"url\":\"https:\\\/\\\/sigma-plus.hr\\\/\",\"name\":\"SIGMA PLUS\",\"description\":\"DIZAJN \\\/ FUNKCIONALNOST \\\/ KVALITETA\",\"publisher\":{\"@id\":\"https:\\\/\\\/sigma-plus.hr\\\/#organization\"},\"potentialAction\":[{\"@type\":\"SearchAction\",\"target\":{\"@type\":\"EntryPoint\",\"urlTemplate\":\"https:\\\/\\\/sigma-plus.hr\\\/?s={search_term_string}\"},\"query-input\":{\"@type\":\"PropertyValueSpecification\",\"valueRequired\":true,\"valueName\":\"search_term_string\"}}],\"inLanguage\":\"hr\"},{\"@type\":\"Organization\",\"@id\":\"https:\\\/\\\/sigma-plus.hr\\\/#organization\",\"name\":\"Sigma plus d.o.o.\",\"url\":\"https:\\\/\\\/sigma-plus.hr\\\/\",\"logo\":{\"@type\":\"ImageObject\",\"inLanguage\":\"hr\",\"@id\":\"https:\\\/\\\/sigma-plus.hr\\\/#\\\/schema\\\/logo\\\/image\\\/\",\"url\":\"https:\\\/\\\/sigma-plus.hr\\\/wp-content\\\/uploads\\\/2018\\\/10\\\/sigma-plus_logo1.png\",\"contentUrl\":\"https:\\\/\\\/sigma-plus.hr\\\/wp-content\\\/uploads\\\/2018\\\/10\\\/sigma-plus_logo1.png\",\"width\":394,\"height\":91,\"caption\":\"Sigma plus d.o.o.\"},\"image\":{\"@id\":\"https:\\\/\\\/sigma-plus.hr\\\/#\\\/schema\\\/logo\\\/image\\\/\"},\"sameAs\":[\"https:\\\/\\\/www.facebook.com\\\/SigmaPlusNamjestaj\\\/\"]}]}<\/script>\n<!-- \/ Yoast SEO plugin. -->","yoast_head_json":{"title":"O nama - SIGMA PLUS Sve za namje\u0161taj","description":"Alu-style, Cleaf, Egger, Gamet, Grass, Hafele, Icas Kesseboehmer, Lehmann, Nehl, Raumplus, Schwinn, Vitris, Zobal","robots":{"index":"index","follow":"follow","max-snippet":"max-snippet:-1","max-image-preview":"max-image-preview:large","max-video-preview":"max-video-preview:-1"},"canonical":"https:\/\/sigma-plus.hr\/index.php\/o-nama\/","og_locale":"hr_HR","og_type":"article","og_title":"O nama - SIGMA PLUS Sve za namje\u0161taj","og_description":"Alu-style, Cleaf, Egger, Gamet, Grass, Hafele, Icas Kesseboehmer, Lehmann, Nehl, Raumplus, Schwinn, Vitris, Zobal","og_url":"https:\/\/sigma-plus.hr\/index.php\/o-nama\/","og_site_name":"SIGMA PLUS","article_publisher":"https:\/\/www.facebook.com\/SigmaPlusNamjestaj\/","article_modified_time":"2022-03-24T08:04:15+00:00","og_image":[{"url":"https:\/\/sigma-plus.hr\/wp-content\/uploads\/2020\/04\/Sigmaplus_ulaz-2020-1-1024x614.jpg","type":"","width":"","height":""}],"twitter_card":"summary_large_image","twitter_misc":{"Procijenjeno vrijeme \u010ditanja":"3 minute"},"schema":{"@context":"https:\/\/schema.org","@graph":[{"@type":"WebPage","@id":"https:\/\/sigma-plus.hr\/index.php\/o-nama\/","url":"https:\/\/sigma-plus.hr\/index.php\/o-nama\/","name":"O nama - SIGMA PLUS Sve za namje\u0161taj","isPartOf":{"@id":"https:\/\/sigma-plus.hr\/#website"},"primaryImageOfPage":{"@id":"https:\/\/sigma-plus.hr\/index.php\/o-nama\/#primaryimage"},"image":{"@id":"https:\/\/sigma-plus.hr\/index.php\/o-nama\/#primaryimage"},"thumbnailUrl":"https:\/\/sigma-plus.hr\/wp-content\/uploads\/2020\/04\/Sigmaplus_ulaz-2020-1-1024x614.jpg","datePublished":"2018-10-18T11:30:58+00:00","dateModified":"2022-03-24T08:04:15+00:00","description":"Alu-style, Cleaf, Egger, Gamet, Grass, Hafele, Icas Kesseboehmer, Lehmann, Nehl, Raumplus, Schwinn, Vitris, Zobal","breadcrumb":{"@id":"https:\/\/sigma-plus.hr\/index.php\/o-nama\/#breadcrumb"},"inLanguage":"hr","potentialAction":[{"@type":"ReadAction","target":["https:\/\/sigma-plus.hr\/index.php\/o-nama\/"]}]},{"@type":"ImageObject","inLanguage":"hr","@id":"https:\/\/sigma-plus.hr\/index.php\/o-nama\/#primaryimage","url":"https:\/\/sigma-plus.hr\/wp-content\/uploads\/2020\/04\/Sigmaplus_ulaz-2020-1.jpg","contentUrl":"https:\/\/sigma-plus.hr\/wp-content\/uploads\/2020\/04\/Sigmaplus_ulaz-2020-1.jpg","width":1150,"height":689},{"@type":"BreadcrumbList","@id":"https:\/\/sigma-plus.hr\/index.php\/o-nama\/#breadcrumb","itemListElement":[{"@type":"ListItem","position":1,"name":"Po\u010detna stranica","item":"https:\/\/sigma-plus.hr\/"},{"@type":"ListItem","position":2,"name":"O nama"}]},{"@type":"WebSite","@id":"https:\/\/sigma-plus.hr\/#website","url":"https:\/\/sigma-plus.hr\/","name":"SIGMA PLUS","description":"DIZAJN \/ FUNKCIONALNOST \/ KVALITETA","publisher":{"@id":"https:\/\/sigma-plus.hr\/#organization"},"potentialAction":[{"@type":"SearchAction","target":{"@type":"EntryPoint","urlTemplate":"https:\/\/sigma-plus.hr\/?s={search_term_string}"},"query-input":{"@type":"PropertyValueSpecification","valueRequired":true,"valueName":"search_term_string"}}],"inLanguage":"hr"},{"@type":"Organization","@id":"https:\/\/sigma-plus.hr\/#organization","name":"Sigma plus d.o.o.","url":"https:\/\/sigma-plus.hr\/","logo":{"@type":"ImageObject","inLanguage":"hr","@id":"https:\/\/sigma-plus.hr\/#\/schema\/logo\/image\/","url":"https:\/\/sigma-plus.hr\/wp-content\/uploads\/2018\/10\/sigma-plus_logo1.png","contentUrl":"https:\/\/sigma-plus.hr\/wp-content\/uploads\/2018\/10\/sigma-plus_logo1.png","width":394,"height":91,"caption":"Sigma plus d.o.o."},"image":{"@id":"https:\/\/sigma-plus.hr\/#\/schema\/logo\/image\/"},"sameAs":["https:\/\/www.facebook.com\/SigmaPlusNamjestaj\/"]}]}},"_links":{"self":[{"href":"https:\/\/sigma-plus.hr\/index.php\/wp-json\/wp\/v2\/pages\/164","targetHints":{"allow":["GET"]}}],"collection":[{"href":"https:\/\/sigma-plus.hr\/index.php\/wp-json\/wp\/v2\/pages"}],"about":[{"href":"https:\/\/sigma-plus.hr\/index.php\/wp-json\/wp\/v2\/types\/page"}],"author":[{"embeddable":true,"href":"https:\/\/sigma-plus.hr\/index.php\/wp-json\/wp\/v2\/users\/1"}],"replies":[{"embeddable":true,"href":"https:\/\/sigma-plus.hr\/index.php\/wp-json\/wp\/v2\/comments?post=164"}],"version-history":[{"count":88,"href":"https:\/\/sigma-plus.hr\/index.php\/wp-json\/wp\/v2\/pages\/164\/revisions"}],"predecessor-version":[{"id":6097,"href":"https:\/\/sigma-plus.hr\/index.php\/wp-json\/wp\/v2\/pages\/164\/revisions\/6097"}],"wp:attachment":[{"href":"https:\/\/sigma-plus.hr\/index.php\/wp-json\/wp\/v2\/media?parent=164"}],"curies":[{"name":"wp","href":"https:\/\/api.w.org\/{rel}","templated":true}]}}