{"id":179,"date":"2018-10-23T14:41:57","date_gmt":"2018-10-23T12:41:57","guid":{"rendered":"http:\/\/sigma-plus.hr\/?page_id=179"},"modified":"2026-03-11T14:21:56","modified_gmt":"2026-03-11T13:21:56","slug":"novosti","status":"publish","type":"page","link":"https:\/\/sigma-plus.hr\/index.php\/novosti\/","title":{"rendered":"INFO-novosti"},"content":{"rendered":"\n<hr class=\"wp-block-separator has-alpha-channel-opacity\"\/>\n\n\n\n<h3 class=\"wp-block-heading has-text-align-center has-black-color has-text-color\"><strong>INFO: Ne odgovaramo za eventualna o\u0161te\u0107enja nastala <\/strong><br><strong>u transportu ili nakon preuzimanja robe<\/strong><br><\/h3>\n\n\n\n<hr class=\"wp-block-separator has-alpha-channel-opacity\"\/>\n\n\n\n<figure class=\"wp-block-image size-large\"><a href=\"https:\/\/sigma-plus.hr\/wp-content\/uploads\/2023\/04\/SigmaPlus_Preporuke-za-ciscenje-i-njegu-povrsina-EGGER.pdf\" target=\"_blank\" rel=\"noreferrer noopener\"><img loading=\"lazy\" decoding=\"async\" width=\"724\" height=\"1024\" src=\"https:\/\/sigma-plus.hr\/wp-content\/uploads\/2023\/04\/SigmaPlus_Preporuke-za-ciscenje-i-njegu-povrsina-EGGER-724x1024.jpg\" alt=\"\" class=\"wp-image-6332\" srcset=\"https:\/\/sigma-plus.hr\/wp-content\/uploads\/2023\/04\/SigmaPlus_Preporuke-za-ciscenje-i-njegu-povrsina-EGGER-724x1024.jpg 724w, https:\/\/sigma-plus.hr\/wp-content\/uploads\/2023\/04\/SigmaPlus_Preporuke-za-ciscenje-i-njegu-povrsina-EGGER-300x424.jpg 300w, https:\/\/sigma-plus.hr\/wp-content\/uploads\/2023\/04\/SigmaPlus_Preporuke-za-ciscenje-i-njegu-povrsina-EGGER-64x90.jpg 64w, https:\/\/sigma-plus.hr\/wp-content\/uploads\/2023\/04\/SigmaPlus_Preporuke-za-ciscenje-i-njegu-povrsina-EGGER-212x300.jpg 212w, https:\/\/sigma-plus.hr\/wp-content\/uploads\/2023\/04\/SigmaPlus_Preporuke-za-ciscenje-i-njegu-povrsina-EGGER-768x1086.jpg 768w, https:\/\/sigma-plus.hr\/wp-content\/uploads\/2023\/04\/SigmaPlus_Preporuke-za-ciscenje-i-njegu-povrsina-EGGER-720x1018.jpg 720w, https:\/\/sigma-plus.hr\/wp-content\/uploads\/2023\/04\/SigmaPlus_Preporuke-za-ciscenje-i-njegu-povrsina-EGGER-520x735.jpg 520w, https:\/\/sigma-plus.hr\/wp-content\/uploads\/2023\/04\/SigmaPlus_Preporuke-za-ciscenje-i-njegu-povrsina-EGGER-320x452.jpg 320w, https:\/\/sigma-plus.hr\/wp-content\/uploads\/2023\/04\/SigmaPlus_Preporuke-za-ciscenje-i-njegu-povrsina-EGGER.jpg 827w\" sizes=\"auto, (max-width: 724px) 100vw, 724px\" \/><\/a><\/figure>\n\n\n\n<hr class=\"wp-block-separator has-css-opacity\"\/>\n\n\n<div class=\"wp-block-image\">\n<figure class=\"aligncenter size-full\"><a href=\"https:\/\/sigma-plus.hr\/wp-content\/uploads\/2021\/07\/Obavijest-kupcima_CNC-obrada_07.21_mail.pdf\" target=\"_blank\" rel=\"noopener\"><img loading=\"lazy\" decoding=\"async\" width=\"620\" height=\"992\" src=\"https:\/\/sigma-plus.hr\/wp-content\/uploads\/2021\/07\/Obavijest-kupcima_CNC-obrada_07.jpg\" alt=\"\" class=\"wp-image-5781\" srcset=\"https:\/\/sigma-plus.hr\/wp-content\/uploads\/2021\/07\/Obavijest-kupcima_CNC-obrada_07.jpg 620w, https:\/\/sigma-plus.hr\/wp-content\/uploads\/2021\/07\/Obavijest-kupcima_CNC-obrada_07-300x480.jpg 300w, https:\/\/sigma-plus.hr\/wp-content\/uploads\/2021\/07\/Obavijest-kupcima_CNC-obrada_07-64x102.jpg 64w, https:\/\/sigma-plus.hr\/wp-content\/uploads\/2021\/07\/Obavijest-kupcima_CNC-obrada_07-188x300.jpg 188w, https:\/\/sigma-plus.hr\/wp-content\/uploads\/2021\/07\/Obavijest-kupcima_CNC-obrada_07-520x832.jpg 520w, https:\/\/sigma-plus.hr\/wp-content\/uploads\/2021\/07\/Obavijest-kupcima_CNC-obrada_07-320x512.jpg 320w\" sizes=\"auto, (max-width: 620px) 100vw, 620px\" \/><\/a><\/figure>\n<\/div>\n\n\n<hr class=\"wp-block-separator has-css-opacity\"\/>\n\n\n<div class=\"wp-block-image is-resized\">\n<figure class=\"aligncenter size-large\"><a href=\"https:\/\/sigma-plus.hr\/download\/brosura\/SigmaPlus_EGGER_radneploce_2020%20HR.pdf\" target=\"_blank\" rel=\"noopener\"><img loading=\"lazy\" decoding=\"async\" width=\"1024\" height=\"549\" src=\"https:\/\/sigma-plus.hr\/wp-content\/uploads\/2021\/05\/SigmaPlus_EGGER_radna-ploca_01-1024x549.jpg\" alt=\"\" class=\"wp-image-5666\" srcset=\"https:\/\/sigma-plus.hr\/wp-content\/uploads\/2021\/05\/SigmaPlus_EGGER_radna-ploca_01-1024x549.jpg 1024w, https:\/\/sigma-plus.hr\/wp-content\/uploads\/2021\/05\/SigmaPlus_EGGER_radna-ploca_01-300x161.jpg 300w, https:\/\/sigma-plus.hr\/wp-content\/uploads\/2021\/05\/SigmaPlus_EGGER_radna-ploca_01-64x34.jpg 64w, https:\/\/sigma-plus.hr\/wp-content\/uploads\/2021\/05\/SigmaPlus_EGGER_radna-ploca_01-768x412.jpg 768w, https:\/\/sigma-plus.hr\/wp-content\/uploads\/2021\/05\/SigmaPlus_EGGER_radna-ploca_01-720x386.jpg 720w, https:\/\/sigma-plus.hr\/wp-content\/uploads\/2021\/05\/SigmaPlus_EGGER_radna-ploca_01-520x279.jpg 520w, https:\/\/sigma-plus.hr\/wp-content\/uploads\/2021\/05\/SigmaPlus_EGGER_radna-ploca_01-320x172.jpg 320w, https:\/\/sigma-plus.hr\/wp-content\/uploads\/2021\/05\/SigmaPlus_EGGER_radna-ploca_01.jpg 1468w\" sizes=\"auto, (max-width: 1024px) 100vw, 1024px\" \/><\/a><\/figure>\n<\/div>\n\n\n<div style=\"height:26px\" aria-hidden=\"true\" class=\"wp-block-spacer\"><\/div>\n\n\n\n<p>&gt;&gt;<strong>EGGER radne plo\u010de od kompaktnog laminata &#8211; obrada<\/strong><br>Pogledajte video za detaljne i prakti\u010dne upute za obradu i ugradnju EGGER radnih plo\u010da od kompaktnog laminata. <a href=\"https:\/\/s4cloudae36f1aac.hana.ondemand.com\/data-buffer\/sap\/public\/cuan\/link\/100\/230206C513503067D3964558914B2C4AC5F1EF67?_V_=2&amp;_K11_=D72BC99DF30983BB16B163A6E552F6CD9C76E344&amp;_L54AD1F204_=c2NlbmFyaW89TUxDUEcmdGVuYW50PW15MzAxMjc5LnM0aGFuYS5vbmRlbWFuZC5jb20mdGFyZ2V0PWh0dHBzOi8veW91dHUuYmUvcWFfbnNyd3pCdHM\/c2FwLW91dGJvdW5kLWlkPTIzMDIwNkM1MTM1MDMwNjdEMzk2NDU1ODkxNEIyQzRBQzVGMUVGNjcmdXRtX3NvdXJjZT1TQVBIeWJyaXMmdXRtX21lZGl1bT1lbWFpbCZ1dG1fY2FtcGFpZ249NDc2MCZ1dG1fdGVybT1OTF9Xb3JrdG9wc19QSV9IUl9fX0VHR0VSJTIwcmFkbmUlMjBwbG8lQzQlOERlJTIwb2QlMjBrb21wYWt0bm9nJTIwbGFtaW5hdGElMjAtJTIwb2JyYWRhJnV0bV9jb250ZW50PUVO&amp;_K13_=275&amp;_K14_=0cd4cc6ee495379eda2509ef4d7632c3ee1ba5be4d35100035c4f11d002834c6\" target=\"_blank\" rel=\"noreferrer noopener nofollow\"><strong>\u00bbPogledajte <\/strong><\/a><strong><a href=\"https:\/\/s4cloudae36f1aac.hana.ondemand.com\/data-buffer\/sap\/public\/cuan\/link\/100\/230206C513503067D3964558914B2C4AC5F1EF67?_V_=2&amp;_K11_=D72BC99DF30983BB16B163A6E552F6CD9C76E344&amp;_L54AD1F204_=c2NlbmFyaW89TUxDUEcmdGVuYW50PW15MzAxMjc5LnM0aGFuYS5vbmRlbWFuZC5jb20mdGFyZ2V0PWh0dHBzOi8veW91dHUuYmUvcWFfbnNyd3pCdHM\/c2FwLW91dGJvdW5kLWlkPTIzMDIwNkM1MTM1MDMwNjdEMzk2NDU1ODkxNEIyQzRBQzVGMUVGNjcmdXRtX3NvdXJjZT1TQVBIeWJyaXMmdXRtX21lZGl1bT1lbWFpbCZ1dG1fY2FtcGFpZ249NDc2MCZ1dG1fdGVybT1OTF9Xb3JrdG9wc19QSV9IUl9fX0VHR0VSJTIwcmFkbmUlMjBwbG8lQzQlOERlJTIwb2QlMjBrb21wYWt0bm9nJTIwbGFtaW5hdGElMjAtJTIwb2JyYWRhJnV0bV9jb250ZW50PUVO&amp;_K13_=275&amp;_K14_=0cd4cc6ee495379eda2509ef4d7632c3ee1ba5be4d35100035c4f11d002834c6\" target=\"_blank\" rel=\"noreferrer noopener nofollow\">video<\/a><\/strong><\/p>\n\n\n\n<p>&gt;&gt;<strong>EGGER postforming radne plo\u010de i za\u0161titni zidni paneli &#8211; obrada<\/strong><br>Pogledajte video za detaljne i prakti\u010dne upute za obradu i ugradnju EGGER postforming radnih plo\u010da i za\u0161titnih zidnih panela. <a href=\"https:\/\/s4cloudae36f1aac.hana.ondemand.com\/data-buffer\/sap\/public\/cuan\/link\/100\/230206C513503067D3964558914B2C4AC5F1EF67?_V_=2&amp;_K11_=2DF6A68168A6181B99803D79B2D8270815B801BE&amp;_L54AD1F204_=c2NlbmFyaW89TUxDUEcmdGVuYW50PW15MzAxMjc5LnM0aGFuYS5vbmRlbWFuZC5jb20mdGFyZ2V0PWh0dHBzOi8veW91dHUuYmUvXzB5WmNvQnlqa28\/c2FwLW91dGJvdW5kLWlkPTIzMDIwNkM1MTM1MDMwNjdEMzk2NDU1ODkxNEIyQzRBQzVGMUVGNjcmdXRtX3NvdXJjZT1TQVBIeWJyaXMmdXRtX21lZGl1bT1lbWFpbCZ1dG1fY2FtcGFpZ249NDc2MCZ1dG1fdGVybT1OTF9Xb3JrdG9wc19QSV9IUl9fX1BvZ2xlZGFqdGUlMjB2aWRlbyZ1dG1fY29udGVudD1FTg&amp;_K13_=275&amp;_K14_=01e0d33dc457da4c32fe4762630ff3c0bf62a4ecf3db843353ed9ce665652a59\" target=\"_blank\" rel=\"noreferrer noopener nofollow\">\u00bbPogledajte video<\/a><\/p>\n\n\n\n<hr class=\"wp-block-separator has-css-opacity\"\/>\n\n\n\n\n<div class=\"wp-block-image is-resized\">\n<figure class=\"aligncenter size-large\"><a href=\"https:\/\/sigma-plus.hr\/download\/Sigmaplus_kantiranje-PUR-LJEPILOM_02_letak.pdf\" target=\"_blank\" rel=\"noopener noreferrer\"><img loading=\"lazy\" decoding=\"async\" width=\"1024\" height=\"724\" src=\"https:\/\/sigma-plus.hr\/wp-content\/uploads\/2019\/04\/Kantiranje_02_letakA4_sjena-1024x724.jpg\" alt=\"\" class=\"wp-image-2903\" srcset=\"https:\/\/sigma-plus.hr\/wp-content\/uploads\/2019\/04\/Kantiranje_02_letakA4_sjena-1024x724.jpg 1024w, https:\/\/sigma-plus.hr\/wp-content\/uploads\/2019\/04\/Kantiranje_02_letakA4_sjena-300x212.jpg 300w, https:\/\/sigma-plus.hr\/wp-content\/uploads\/2019\/04\/Kantiranje_02_letakA4_sjena-64x45.jpg 64w, https:\/\/sigma-plus.hr\/wp-content\/uploads\/2019\/04\/Kantiranje_02_letakA4_sjena-768x543.jpg 768w, https:\/\/sigma-plus.hr\/wp-content\/uploads\/2019\/04\/Kantiranje_02_letakA4_sjena-520x368.jpg 520w, https:\/\/sigma-plus.hr\/wp-content\/uploads\/2019\/04\/Kantiranje_02_letakA4_sjena.jpg 1113w\" sizes=\"auto, (max-width: 1024px) 100vw, 1024px\" \/><\/a><\/figure>\n<\/div>\n\n\n<hr \/>\n","protected":false},"excerpt":{"rendered":"<p>INFO: Ne odgovaramo za eventualna o\u0161te\u0107enja nastala u transportu ili nakon preuzimanja robe &gt;&gt;EGGER radne plo\u010de od kompaktnog laminata &#8211; obradaPogledajte video za detaljne i prakti\u010dne upute za obradu i ugradnju EGGER radnih plo\u010da&#46;&#46;&#46;<\/p>\n","protected":false},"author":1,"featured_media":0,"parent":0,"menu_order":0,"comment_status":"closed","ping_status":"closed","template":"","meta":{"footnotes":""},"class_list":["post-179","page","type-page","status-publish","hentry"],"yoast_head":"<!-- This site is optimized with the Yoast SEO plugin v27.4 - https:\/\/yoast.com\/product\/yoast-seo-wordpress\/ -->\n<title>INFO-novosti - SIGMA PLUS Sve za namje\u0161taj<\/title>\n<meta name=\"description\" content=\"Alu-style, Cleaf, Egger, Gamet, Grass, Hafele, Icas Kesseboehmer, Lehmann, Nehl, Raumplus, Schwinn, Vitris, Zobal\" \/>\n<meta name=\"robots\" content=\"index, follow, max-snippet:-1, max-image-preview:large, max-video-preview:-1\" \/>\n<link rel=\"canonical\" href=\"https:\/\/sigma-plus.hr\/index.php\/novosti\/\" \/>\n<meta property=\"og:locale\" content=\"hr_HR\" \/>\n<meta property=\"og:type\" content=\"article\" \/>\n<meta property=\"og:title\" content=\"INFO-novosti - SIGMA PLUS Sve za namje\u0161taj\" \/>\n<meta property=\"og:description\" content=\"Alu-style, Cleaf, Egger, Gamet, Grass, Hafele, Icas Kesseboehmer, Lehmann, Nehl, Raumplus, Schwinn, Vitris, Zobal\" \/>\n<meta property=\"og:url\" content=\"https:\/\/sigma-plus.hr\/index.php\/novosti\/\" \/>\n<meta property=\"og:site_name\" content=\"SIGMA PLUS\" \/>\n<meta property=\"article:publisher\" content=\"https:\/\/www.facebook.com\/SigmaPlusNamjestaj\/\" \/>\n<meta property=\"article:modified_time\" content=\"2026-03-11T13:21:56+00:00\" \/>\n<meta property=\"og:image\" content=\"https:\/\/sigma-plus.hr\/wp-content\/uploads\/2023\/04\/SigmaPlus_Preporuke-za-ciscenje-i-njegu-povrsina-EGGER.jpg\" \/>\n\t<meta property=\"og:image:width\" content=\"827\" \/>\n\t<meta property=\"og:image:height\" content=\"1169\" \/>\n\t<meta property=\"og:image:type\" content=\"image\/jpeg\" \/>\n<meta name=\"twitter:card\" content=\"summary_large_image\" \/>\n<meta name=\"twitter:label1\" content=\"Procijenjeno vrijeme \u010ditanja\" \/>\n\t<meta name=\"twitter:data1\" content=\"3 minute\" \/>\n<script type=\"application\/ld+json\" class=\"yoast-schema-graph\">{\"@context\":\"https:\\\/\\\/schema.org\",\"@graph\":[{\"@type\":\"WebPage\",\"@id\":\"https:\\\/\\\/sigma-plus.hr\\\/index.php\\\/novosti\\\/\",\"url\":\"https:\\\/\\\/sigma-plus.hr\\\/index.php\\\/novosti\\\/\",\"name\":\"INFO-novosti - SIGMA PLUS Sve za namje\u0161taj\",\"isPartOf\":{\"@id\":\"https:\\\/\\\/sigma-plus.hr\\\/#website\"},\"primaryImageOfPage\":{\"@id\":\"https:\\\/\\\/sigma-plus.hr\\\/index.php\\\/novosti\\\/#primaryimage\"},\"image\":{\"@id\":\"https:\\\/\\\/sigma-plus.hr\\\/index.php\\\/novosti\\\/#primaryimage\"},\"thumbnailUrl\":\"https:\\\/\\\/sigma-plus.hr\\\/wp-content\\\/uploads\\\/2023\\\/04\\\/SigmaPlus_Preporuke-za-ciscenje-i-njegu-povrsina-EGGER-724x1024.jpg\",\"datePublished\":\"2018-10-23T12:41:57+00:00\",\"dateModified\":\"2026-03-11T13:21:56+00:00\",\"description\":\"Alu-style, Cleaf, Egger, Gamet, Grass, Hafele, Icas Kesseboehmer, Lehmann, Nehl, Raumplus, Schwinn, Vitris, Zobal\",\"breadcrumb\":{\"@id\":\"https:\\\/\\\/sigma-plus.hr\\\/index.php\\\/novosti\\\/#breadcrumb\"},\"inLanguage\":\"hr\",\"potentialAction\":[{\"@type\":\"ReadAction\",\"target\":[\"https:\\\/\\\/sigma-plus.hr\\\/index.php\\\/novosti\\\/\"]}]},{\"@type\":\"ImageObject\",\"inLanguage\":\"hr\",\"@id\":\"https:\\\/\\\/sigma-plus.hr\\\/index.php\\\/novosti\\\/#primaryimage\",\"url\":\"\",\"contentUrl\":\"\"},{\"@type\":\"BreadcrumbList\",\"@id\":\"https:\\\/\\\/sigma-plus.hr\\\/index.php\\\/novosti\\\/#breadcrumb\",\"itemListElement\":[{\"@type\":\"ListItem\",\"position\":1,\"name\":\"Po\u010detna stranica\",\"item\":\"https:\\\/\\\/sigma-plus.hr\\\/\"},{\"@type\":\"ListItem\",\"position\":2,\"name\":\"INFO-novosti\"}]},{\"@type\":\"WebSite\",\"@id\":\"https:\\\/\\\/sigma-plus.hr\\\/#website\",\"url\":\"https:\\\/\\\/sigma-plus.hr\\\/\",\"name\":\"SIGMA PLUS\",\"description\":\"DIZAJN \\\/ FUNKCIONALNOST \\\/ KVALITETA\",\"publisher\":{\"@id\":\"https:\\\/\\\/sigma-plus.hr\\\/#organization\"},\"potentialAction\":[{\"@type\":\"SearchAction\",\"target\":{\"@type\":\"EntryPoint\",\"urlTemplate\":\"https:\\\/\\\/sigma-plus.hr\\\/?s={search_term_string}\"},\"query-input\":{\"@type\":\"PropertyValueSpecification\",\"valueRequired\":true,\"valueName\":\"search_term_string\"}}],\"inLanguage\":\"hr\"},{\"@type\":\"Organization\",\"@id\":\"https:\\\/\\\/sigma-plus.hr\\\/#organization\",\"name\":\"Sigma plus d.o.o.\",\"url\":\"https:\\\/\\\/sigma-plus.hr\\\/\",\"logo\":{\"@type\":\"ImageObject\",\"inLanguage\":\"hr\",\"@id\":\"https:\\\/\\\/sigma-plus.hr\\\/#\\\/schema\\\/logo\\\/image\\\/\",\"url\":\"https:\\\/\\\/sigma-plus.hr\\\/wp-content\\\/uploads\\\/2018\\\/10\\\/sigma-plus_logo1.png\",\"contentUrl\":\"https:\\\/\\\/sigma-plus.hr\\\/wp-content\\\/uploads\\\/2018\\\/10\\\/sigma-plus_logo1.png\",\"width\":394,\"height\":91,\"caption\":\"Sigma plus d.o.o.\"},\"image\":{\"@id\":\"https:\\\/\\\/sigma-plus.hr\\\/#\\\/schema\\\/logo\\\/image\\\/\"},\"sameAs\":[\"https:\\\/\\\/www.facebook.com\\\/SigmaPlusNamjestaj\\\/\"]}]}<\/script>\n<!-- \/ Yoast SEO plugin. -->","yoast_head_json":{"title":"INFO-novosti - SIGMA PLUS Sve za namje\u0161taj","description":"Alu-style, Cleaf, Egger, Gamet, Grass, Hafele, Icas Kesseboehmer, Lehmann, Nehl, Raumplus, Schwinn, Vitris, Zobal","robots":{"index":"index","follow":"follow","max-snippet":"max-snippet:-1","max-image-preview":"max-image-preview:large","max-video-preview":"max-video-preview:-1"},"canonical":"https:\/\/sigma-plus.hr\/index.php\/novosti\/","og_locale":"hr_HR","og_type":"article","og_title":"INFO-novosti - SIGMA PLUS Sve za namje\u0161taj","og_description":"Alu-style, Cleaf, Egger, Gamet, Grass, Hafele, Icas Kesseboehmer, Lehmann, Nehl, Raumplus, Schwinn, Vitris, Zobal","og_url":"https:\/\/sigma-plus.hr\/index.php\/novosti\/","og_site_name":"SIGMA PLUS","article_publisher":"https:\/\/www.facebook.com\/SigmaPlusNamjestaj\/","article_modified_time":"2026-03-11T13:21:56+00:00","og_image":[{"width":827,"height":1169,"url":"https:\/\/sigma-plus.hr\/wp-content\/uploads\/2023\/04\/SigmaPlus_Preporuke-za-ciscenje-i-njegu-povrsina-EGGER.jpg","type":"image\/jpeg"}],"twitter_card":"summary_large_image","twitter_misc":{"Procijenjeno vrijeme \u010ditanja":"3 minute"},"schema":{"@context":"https:\/\/schema.org","@graph":[{"@type":"WebPage","@id":"https:\/\/sigma-plus.hr\/index.php\/novosti\/","url":"https:\/\/sigma-plus.hr\/index.php\/novosti\/","name":"INFO-novosti - SIGMA PLUS Sve za namje\u0161taj","isPartOf":{"@id":"https:\/\/sigma-plus.hr\/#website"},"primaryImageOfPage":{"@id":"https:\/\/sigma-plus.hr\/index.php\/novosti\/#primaryimage"},"image":{"@id":"https:\/\/sigma-plus.hr\/index.php\/novosti\/#primaryimage"},"thumbnailUrl":"https:\/\/sigma-plus.hr\/wp-content\/uploads\/2023\/04\/SigmaPlus_Preporuke-za-ciscenje-i-njegu-povrsina-EGGER-724x1024.jpg","datePublished":"2018-10-23T12:41:57+00:00","dateModified":"2026-03-11T13:21:56+00:00","description":"Alu-style, Cleaf, Egger, Gamet, Grass, Hafele, Icas Kesseboehmer, Lehmann, Nehl, Raumplus, Schwinn, Vitris, Zobal","breadcrumb":{"@id":"https:\/\/sigma-plus.hr\/index.php\/novosti\/#breadcrumb"},"inLanguage":"hr","potentialAction":[{"@type":"ReadAction","target":["https:\/\/sigma-plus.hr\/index.php\/novosti\/"]}]},{"@type":"ImageObject","inLanguage":"hr","@id":"https:\/\/sigma-plus.hr\/index.php\/novosti\/#primaryimage","url":"","contentUrl":""},{"@type":"BreadcrumbList","@id":"https:\/\/sigma-plus.hr\/index.php\/novosti\/#breadcrumb","itemListElement":[{"@type":"ListItem","position":1,"name":"Po\u010detna stranica","item":"https:\/\/sigma-plus.hr\/"},{"@type":"ListItem","position":2,"name":"INFO-novosti"}]},{"@type":"WebSite","@id":"https:\/\/sigma-plus.hr\/#website","url":"https:\/\/sigma-plus.hr\/","name":"SIGMA PLUS","description":"DIZAJN \/ FUNKCIONALNOST \/ KVALITETA","publisher":{"@id":"https:\/\/sigma-plus.hr\/#organization"},"potentialAction":[{"@type":"SearchAction","target":{"@type":"EntryPoint","urlTemplate":"https:\/\/sigma-plus.hr\/?s={search_term_string}"},"query-input":{"@type":"PropertyValueSpecification","valueRequired":true,"valueName":"search_term_string"}}],"inLanguage":"hr"},{"@type":"Organization","@id":"https:\/\/sigma-plus.hr\/#organization","name":"Sigma plus d.o.o.","url":"https:\/\/sigma-plus.hr\/","logo":{"@type":"ImageObject","inLanguage":"hr","@id":"https:\/\/sigma-plus.hr\/#\/schema\/logo\/image\/","url":"https:\/\/sigma-plus.hr\/wp-content\/uploads\/2018\/10\/sigma-plus_logo1.png","contentUrl":"https:\/\/sigma-plus.hr\/wp-content\/uploads\/2018\/10\/sigma-plus_logo1.png","width":394,"height":91,"caption":"Sigma plus d.o.o."},"image":{"@id":"https:\/\/sigma-plus.hr\/#\/schema\/logo\/image\/"},"sameAs":["https:\/\/www.facebook.com\/SigmaPlusNamjestaj\/"]}]}},"_links":{"self":[{"href":"https:\/\/sigma-plus.hr\/index.php\/wp-json\/wp\/v2\/pages\/179","targetHints":{"allow":["GET"]}}],"collection":[{"href":"https:\/\/sigma-plus.hr\/index.php\/wp-json\/wp\/v2\/pages"}],"about":[{"href":"https:\/\/sigma-plus.hr\/index.php\/wp-json\/wp\/v2\/types\/page"}],"author":[{"embeddable":true,"href":"https:\/\/sigma-plus.hr\/index.php\/wp-json\/wp\/v2\/users\/1"}],"replies":[{"embeddable":true,"href":"https:\/\/sigma-plus.hr\/index.php\/wp-json\/wp\/v2\/comments?post=179"}],"version-history":[{"count":58,"href":"https:\/\/sigma-plus.hr\/index.php\/wp-json\/wp\/v2\/pages\/179\/revisions"}],"predecessor-version":[{"id":7177,"href":"https:\/\/sigma-plus.hr\/index.php\/wp-json\/wp\/v2\/pages\/179\/revisions\/7177"}],"wp:attachment":[{"href":"https:\/\/sigma-plus.hr\/index.php\/wp-json\/wp\/v2\/media?parent=179"}],"curies":[{"name":"wp","href":"https:\/\/api.w.org\/{rel}","templated":true}]}}