{"id":181,"date":"2018-10-23T14:41:57","date_gmt":"2018-10-23T12:41:57","guid":{"rendered":"http:\/\/sigma-plus.hr\/?page_id=181"},"modified":"2024-04-15T14:52:00","modified_gmt":"2024-04-15T12:52:00","slug":"katalozi-cjenici","status":"publish","type":"page","link":"https:\/\/sigma-plus.hr\/index.php\/katalozi-cjenici\/","title":{"rendered":"Katalozi \/ Cjenici"},"content":{"rendered":"\n<hr class=\"wp-block-separator has-css-opacity\"\/>\n\n\n\n<div class=\"wp-block-media-text alignwide has-media-on-the-right is-stacked-on-mobile\" style=\"grid-template-columns:auto 32%\"><div class=\"wp-block-media-text__content\">\n<p><\/p>\n\n\n\n<h5>Po\u0161tovani, na\u0161 maloprodajni i veleprodajni cijenik mo\u017eete dobiti upitom na ni\u017ee navedene e-mail adrese;<br \/>\u2022 PRODAJA PLO\u010cA<br \/>\/ e: concept-store@sigma-plus.hr <br \/>\/ t: 01 5520 838<br \/>\u2022 PRODAJA OKOVA <br \/>\/ e: okovi@sigma-plus.hr <br \/>\/ t: 01 5542 371<\/h5>\n<\/div><figure class=\"wp-block-media-text__media\"><img loading=\"lazy\" decoding=\"async\" width=\"425\" height=\"510\" src=\"https:\/\/sigma-plus.hr\/wp-content\/uploads\/2020\/03\/veleprodajni-cjenik01.jpg\" alt=\"\" class=\"wp-image-3536 size-full\" srcset=\"https:\/\/sigma-plus.hr\/wp-content\/uploads\/2020\/03\/veleprodajni-cjenik01.jpg 425w, https:\/\/sigma-plus.hr\/wp-content\/uploads\/2020\/03\/veleprodajni-cjenik01-300x360.jpg 300w, https:\/\/sigma-plus.hr\/wp-content\/uploads\/2020\/03\/veleprodajni-cjenik01-64x77.jpg 64w, https:\/\/sigma-plus.hr\/wp-content\/uploads\/2020\/03\/veleprodajni-cjenik01-250x300.jpg 250w\" sizes=\"auto, (max-width: 425px) 100vw, 425px\" \/><\/figure><\/div>\n\n\n\n<hr class=\"wp-block-separator has-css-opacity\"\/>\n\n\n\n<div class=\"wp-block-columns is-layout-flex wp-container-core-columns-is-layout-9d6595d7 wp-block-columns-is-layout-flex\">\n<div class=\"wp-block-column is-vertically-aligned-center is-layout-flow wp-block-column-is-layout-flow\"><div class=\"wp-block-image\">\n<figure class=\"aligncenter size-large is-resized\"><a href=\"https:\/\/www.hafele.si\/hr\/\" target=\"_blank\" rel=\"noopener noreferrer\"><img decoding=\"async\" src=\"https:\/\/sigma-plus.hr\/wp-content\/uploads\/2019\/07\/HEFELE_DerGrosse_01.png\" alt=\"\" style=\"width:425px;height:425px\"\/><\/a><\/figure>\n<\/div><\/div>\n<\/div>\n\n\n\n<hr class=\"wp-block-separator has-css-opacity\"\/>\n\n\n\n<div class=\"wp-block-columns has-2-columns is-layout-flex wp-container-core-columns-is-layout-9d6595d7 wp-block-columns-is-layout-flex\">\n<div class=\"wp-block-column is-layout-flow wp-block-column-is-layout-flow\"><div class=\"wp-block-image is-style-default\">\n<figure class=\"aligncenter size-large is-resized\"><a href=\"https:\/\/sigma-plus.hr\/wp-content\/uploads\/2019\/03\/SigmaPlus_KATALOG2017-190x190web.pdf\" target=\"_blank\" rel=\"noopener noreferrer\"><img decoding=\"async\" src=\"https:\/\/sigma-plus.hr\/wp-content\/uploads\/2019\/03\/Sigma-plus_KATALOG2017_190x190web-1.jpg\" alt=\"\" style=\"width:200px;height:200px\"\/><\/a><\/figure>\n<\/div>\n\n<\/div>\n\n\n\n<div class=\"wp-block-column is-layout-flow wp-block-column-is-layout-flow\"><div class=\"wp-block-image\">\n<figure class=\"aligncenter size-large is-resized\"><a href=\"https:\/\/sigma-plus.hr\/download\/brosura\/Sigmaplus_RAUMPLUS_brosura.pdf\" target=\"_blank\" rel=\"noreferrer noopener\"><img decoding=\"async\" src=\"https:\/\/sigma-plus.hr\/wp-content\/uploads\/2019\/03\/Sigmaplus-Raumplus-katalog-2011_tisak2-1.jpg\" alt=\"\" style=\"width:285px;height:200px\"\/><\/a><\/figure>\n<\/div>\n\n<\/div>\n\n\n\n<div class=\"wp-block-column is-layout-flow wp-block-column-is-layout-flow\"><div class=\"wp-block-image\">\n<figure class=\"aligncenter size-large is-resized\"><a href=\"http:\/\/sigma-plus.hr\/download\/brosura\/Sigmaplus_ICAS_web.pdf\" target=\"_blank\" rel=\"noopener noreferrer\"><img decoding=\"async\" src=\"https:\/\/sigma-plus.hr\/wp-content\/uploads\/2019\/12\/SIGMAPLUS-_ICAS_brosura-300x220.jpg\" alt=\"\" style=\"width:275px;height:200px\"\/><\/a><\/figure>\n<\/div>\n\n<\/div>\n<\/div>\n\n\n\n<div class=\"wp-block-group\"><div class=\"wp-block-group__inner-container is-layout-flow wp-block-group-is-layout-flow\">\n<hr class=\"wp-block-separator has-css-opacity\"\/>\n<\/div><\/div>\n\n\n\n<div class=\"wp-block-columns has-5-columns is-layout-flex wp-container-core-columns-is-layout-9d6595d7 wp-block-columns-is-layout-flex\">\n<div class=\"wp-block-column is-layout-flow wp-block-column-is-layout-flow\">\n<figure class=\"wp-block-image size-large is-resized\"><a href=\"https:\/\/sigma-plus.hr\/wp-content\/uploads\/2019\/03\/Lehmann_Prestige2_HR-1.pdf\" target=\"_blank\" rel=\"noreferrer noopener\"><img decoding=\"async\" src=\"https:\/\/sigma-plus.hr\/wp-content\/uploads\/2019\/03\/Lehmann_Prestige2_HR-1.jpg\" alt=\"\" style=\"width:152px;height:215px\"\/><\/a><\/figure>\n<\/div>\n\n\n\n<div class=\"wp-block-column is-layout-flow wp-block-column-is-layout-flow\">\n<figure class=\"wp-block-image size-full is-resized\"><a href=\"https:\/\/sigma-plus.hr\/download\/brosura\/ALUokviri_2023_brosura.pdf\" target=\"_blank\" rel=\"noreferrer noopener\"><img loading=\"lazy\" decoding=\"async\" width=\"216\" height=\"300\" src=\"https:\/\/sigma-plus.hr\/wp-content\/uploads\/2023\/05\/Alu-profili-brosura_01-1-216x300-1.jpg\" alt=\"\" class=\"wp-image-6367\" style=\"width:156px;height:216px\" srcset=\"https:\/\/sigma-plus.hr\/wp-content\/uploads\/2023\/05\/Alu-profili-brosura_01-1-216x300-1.jpg 216w, https:\/\/sigma-plus.hr\/wp-content\/uploads\/2023\/05\/Alu-profili-brosura_01-1-216x300-1-64x89.jpg 64w\" sizes=\"auto, (max-width: 216px) 100vw, 216px\" \/><\/a><\/figure>\n<\/div>\n\n\n\n<div class=\"wp-block-column is-layout-flow wp-block-column-is-layout-flow\">\n<figure class=\"wp-block-image size-large is-resized\"><a href=\"https:\/\/sigma-plus.hr\/wp-content\/uploads\/2019\/03\/RAUMPLUS_tehnicki-katalog01.pdf\" target=\"_blank\" rel=\"noreferrer noopener\"><img decoding=\"async\" src=\"https:\/\/sigma-plus.hr\/wp-content\/uploads\/2019\/03\/RAUMPLUS_tehnicki-katalog01.jpg\" alt=\"\" style=\"width:154px;height:215px\"\/><\/a><\/figure>\n\n\n<\/div>\n\n\n\n<div class=\"wp-block-column is-layout-flow wp-block-column-is-layout-flow\">\n<figure class=\"wp-block-image size-large is-resized\"><a href=\"https:\/\/sigma-plus.hr\/wp-content\/uploads\/2019\/03\/Sigmaplus_Grass-NEXIS_02.pdf\" target=\"_blank\" rel=\"noreferrer noopener\"><img decoding=\"async\" src=\"https:\/\/sigma-plus.hr\/wp-content\/uploads\/2019\/03\/Sigmaplus_Grass-NEXIS_02-1.jpg\" alt=\"\" style=\"width:154px;height:215px\"\/><\/a><\/figure>\n<\/div>\n\n\n\n<div class=\"wp-block-column is-layout-flow wp-block-column-is-layout-flow\">\n<figure class=\"wp-block-image size-large is-resized\"><a href=\"https:\/\/sigma-plus.hr\/wp-content\/uploads\/2019\/03\/Agoform_LINEA_letak.pdf\" target=\"_blank\" rel=\"noreferrer noopener\"><img decoding=\"async\" src=\"https:\/\/sigma-plus.hr\/wp-content\/uploads\/2019\/03\/sigmaplus_AGOFORM_letak-web.jpg\" alt=\"\" style=\"width:155px;height:215px\"\/><\/a><\/figure>\n<\/div>\n<\/div>\n","protected":false},"excerpt":{"rendered":"","protected":false},"author":1,"featured_media":0,"parent":0,"menu_order":1,"comment_status":"closed","ping_status":"closed","template":"","meta":{"footnotes":""},"class_list":["post-181","page","type-page","status-publish","hentry"],"yoast_head":"<!-- This site is optimized with the Yoast SEO plugin v27.4 - https:\/\/yoast.com\/product\/yoast-seo-wordpress\/ -->\n<title>Katalozi \/ Cjenici - SIGMA PLUS Sve za namje\u0161taj<\/title>\n<meta name=\"description\" content=\"Alu-style, Cleaf, Egger, Gamet, Grass, Hafele, Icas Kesseboehmer, Lehmann, Nehl, Raumplus, Schwinn, Vitris, Zobal\" \/>\n<meta name=\"robots\" content=\"index, follow, max-snippet:-1, max-image-preview:large, max-video-preview:-1\" \/>\n<link rel=\"canonical\" href=\"https:\/\/sigma-plus.hr\/index.php\/katalozi-cjenici\/\" \/>\n<meta property=\"og:locale\" content=\"hr_HR\" \/>\n<meta property=\"og:type\" content=\"article\" \/>\n<meta property=\"og:title\" content=\"Katalozi \/ Cjenici - SIGMA PLUS Sve za namje\u0161taj\" \/>\n<meta property=\"og:description\" content=\"Alu-style, Cleaf, Egger, Gamet, Grass, Hafele, Icas Kesseboehmer, Lehmann, Nehl, Raumplus, Schwinn, Vitris, Zobal\" \/>\n<meta property=\"og:url\" content=\"https:\/\/sigma-plus.hr\/index.php\/katalozi-cjenici\/\" \/>\n<meta property=\"og:site_name\" content=\"SIGMA PLUS\" \/>\n<meta property=\"article:publisher\" content=\"https:\/\/www.facebook.com\/SigmaPlusNamjestaj\/\" \/>\n<meta property=\"article:modified_time\" content=\"2024-04-15T12:52:00+00:00\" \/>\n<meta property=\"og:image\" content=\"https:\/\/sigma-plus.hr\/wp-content\/uploads\/2020\/03\/veleprodajni-cjenik01.jpg\" \/>\n<meta name=\"twitter:card\" content=\"summary_large_image\" \/>\n<meta name=\"twitter:label1\" content=\"Procijenjeno vrijeme \u010ditanja\" \/>\n\t<meta name=\"twitter:data1\" content=\"3 minute\" \/>\n<script type=\"application\/ld+json\" class=\"yoast-schema-graph\">{\"@context\":\"https:\\\/\\\/schema.org\",\"@graph\":[{\"@type\":\"WebPage\",\"@id\":\"https:\\\/\\\/sigma-plus.hr\\\/index.php\\\/katalozi-cjenici\\\/\",\"url\":\"https:\\\/\\\/sigma-plus.hr\\\/index.php\\\/katalozi-cjenici\\\/\",\"name\":\"Katalozi \\\/ Cjenici - SIGMA PLUS Sve za namje\u0161taj\",\"isPartOf\":{\"@id\":\"https:\\\/\\\/sigma-plus.hr\\\/#website\"},\"primaryImageOfPage\":{\"@id\":\"https:\\\/\\\/sigma-plus.hr\\\/index.php\\\/katalozi-cjenici\\\/#primaryimage\"},\"image\":{\"@id\":\"https:\\\/\\\/sigma-plus.hr\\\/index.php\\\/katalozi-cjenici\\\/#primaryimage\"},\"thumbnailUrl\":\"https:\\\/\\\/sigma-plus.hr\\\/wp-content\\\/uploads\\\/2020\\\/03\\\/veleprodajni-cjenik01.jpg\",\"datePublished\":\"2018-10-23T12:41:57+00:00\",\"dateModified\":\"2024-04-15T12:52:00+00:00\",\"description\":\"Alu-style, Cleaf, Egger, Gamet, Grass, Hafele, Icas Kesseboehmer, Lehmann, Nehl, Raumplus, Schwinn, Vitris, Zobal\",\"breadcrumb\":{\"@id\":\"https:\\\/\\\/sigma-plus.hr\\\/index.php\\\/katalozi-cjenici\\\/#breadcrumb\"},\"inLanguage\":\"hr\",\"potentialAction\":[{\"@type\":\"ReadAction\",\"target\":[\"https:\\\/\\\/sigma-plus.hr\\\/index.php\\\/katalozi-cjenici\\\/\"]}]},{\"@type\":\"ImageObject\",\"inLanguage\":\"hr\",\"@id\":\"https:\\\/\\\/sigma-plus.hr\\\/index.php\\\/katalozi-cjenici\\\/#primaryimage\",\"url\":\"https:\\\/\\\/sigma-plus.hr\\\/wp-content\\\/uploads\\\/2020\\\/03\\\/veleprodajni-cjenik01.jpg\",\"contentUrl\":\"https:\\\/\\\/sigma-plus.hr\\\/wp-content\\\/uploads\\\/2020\\\/03\\\/veleprodajni-cjenik01.jpg\",\"width\":425,\"height\":510},{\"@type\":\"BreadcrumbList\",\"@id\":\"https:\\\/\\\/sigma-plus.hr\\\/index.php\\\/katalozi-cjenici\\\/#breadcrumb\",\"itemListElement\":[{\"@type\":\"ListItem\",\"position\":1,\"name\":\"Po\u010detna stranica\",\"item\":\"https:\\\/\\\/sigma-plus.hr\\\/\"},{\"@type\":\"ListItem\",\"position\":2,\"name\":\"Katalozi \\\/ Cjenici\"}]},{\"@type\":\"WebSite\",\"@id\":\"https:\\\/\\\/sigma-plus.hr\\\/#website\",\"url\":\"https:\\\/\\\/sigma-plus.hr\\\/\",\"name\":\"SIGMA PLUS\",\"description\":\"DIZAJN \\\/ FUNKCIONALNOST \\\/ KVALITETA\",\"publisher\":{\"@id\":\"https:\\\/\\\/sigma-plus.hr\\\/#organization\"},\"potentialAction\":[{\"@type\":\"SearchAction\",\"target\":{\"@type\":\"EntryPoint\",\"urlTemplate\":\"https:\\\/\\\/sigma-plus.hr\\\/?s={search_term_string}\"},\"query-input\":{\"@type\":\"PropertyValueSpecification\",\"valueRequired\":true,\"valueName\":\"search_term_string\"}}],\"inLanguage\":\"hr\"},{\"@type\":\"Organization\",\"@id\":\"https:\\\/\\\/sigma-plus.hr\\\/#organization\",\"name\":\"Sigma plus d.o.o.\",\"url\":\"https:\\\/\\\/sigma-plus.hr\\\/\",\"logo\":{\"@type\":\"ImageObject\",\"inLanguage\":\"hr\",\"@id\":\"https:\\\/\\\/sigma-plus.hr\\\/#\\\/schema\\\/logo\\\/image\\\/\",\"url\":\"https:\\\/\\\/sigma-plus.hr\\\/wp-content\\\/uploads\\\/2018\\\/10\\\/sigma-plus_logo1.png\",\"contentUrl\":\"https:\\\/\\\/sigma-plus.hr\\\/wp-content\\\/uploads\\\/2018\\\/10\\\/sigma-plus_logo1.png\",\"width\":394,\"height\":91,\"caption\":\"Sigma plus d.o.o.\"},\"image\":{\"@id\":\"https:\\\/\\\/sigma-plus.hr\\\/#\\\/schema\\\/logo\\\/image\\\/\"},\"sameAs\":[\"https:\\\/\\\/www.facebook.com\\\/SigmaPlusNamjestaj\\\/\"]}]}<\/script>\n<!-- \/ Yoast SEO plugin. -->","yoast_head_json":{"title":"Katalozi \/ Cjenici - SIGMA PLUS Sve za namje\u0161taj","description":"Alu-style, Cleaf, Egger, Gamet, Grass, Hafele, Icas Kesseboehmer, Lehmann, Nehl, Raumplus, Schwinn, Vitris, Zobal","robots":{"index":"index","follow":"follow","max-snippet":"max-snippet:-1","max-image-preview":"max-image-preview:large","max-video-preview":"max-video-preview:-1"},"canonical":"https:\/\/sigma-plus.hr\/index.php\/katalozi-cjenici\/","og_locale":"hr_HR","og_type":"article","og_title":"Katalozi \/ Cjenici - SIGMA PLUS Sve za namje\u0161taj","og_description":"Alu-style, Cleaf, Egger, Gamet, Grass, Hafele, Icas Kesseboehmer, Lehmann, Nehl, Raumplus, Schwinn, Vitris, Zobal","og_url":"https:\/\/sigma-plus.hr\/index.php\/katalozi-cjenici\/","og_site_name":"SIGMA PLUS","article_publisher":"https:\/\/www.facebook.com\/SigmaPlusNamjestaj\/","article_modified_time":"2024-04-15T12:52:00+00:00","og_image":[{"url":"https:\/\/sigma-plus.hr\/wp-content\/uploads\/2020\/03\/veleprodajni-cjenik01.jpg","type":"","width":"","height":""}],"twitter_card":"summary_large_image","twitter_misc":{"Procijenjeno vrijeme \u010ditanja":"3 minute"},"schema":{"@context":"https:\/\/schema.org","@graph":[{"@type":"WebPage","@id":"https:\/\/sigma-plus.hr\/index.php\/katalozi-cjenici\/","url":"https:\/\/sigma-plus.hr\/index.php\/katalozi-cjenici\/","name":"Katalozi \/ Cjenici - SIGMA PLUS Sve za namje\u0161taj","isPartOf":{"@id":"https:\/\/sigma-plus.hr\/#website"},"primaryImageOfPage":{"@id":"https:\/\/sigma-plus.hr\/index.php\/katalozi-cjenici\/#primaryimage"},"image":{"@id":"https:\/\/sigma-plus.hr\/index.php\/katalozi-cjenici\/#primaryimage"},"thumbnailUrl":"https:\/\/sigma-plus.hr\/wp-content\/uploads\/2020\/03\/veleprodajni-cjenik01.jpg","datePublished":"2018-10-23T12:41:57+00:00","dateModified":"2024-04-15T12:52:00+00:00","description":"Alu-style, Cleaf, Egger, Gamet, Grass, Hafele, Icas Kesseboehmer, Lehmann, Nehl, Raumplus, Schwinn, Vitris, Zobal","breadcrumb":{"@id":"https:\/\/sigma-plus.hr\/index.php\/katalozi-cjenici\/#breadcrumb"},"inLanguage":"hr","potentialAction":[{"@type":"ReadAction","target":["https:\/\/sigma-plus.hr\/index.php\/katalozi-cjenici\/"]}]},{"@type":"ImageObject","inLanguage":"hr","@id":"https:\/\/sigma-plus.hr\/index.php\/katalozi-cjenici\/#primaryimage","url":"https:\/\/sigma-plus.hr\/wp-content\/uploads\/2020\/03\/veleprodajni-cjenik01.jpg","contentUrl":"https:\/\/sigma-plus.hr\/wp-content\/uploads\/2020\/03\/veleprodajni-cjenik01.jpg","width":425,"height":510},{"@type":"BreadcrumbList","@id":"https:\/\/sigma-plus.hr\/index.php\/katalozi-cjenici\/#breadcrumb","itemListElement":[{"@type":"ListItem","position":1,"name":"Po\u010detna stranica","item":"https:\/\/sigma-plus.hr\/"},{"@type":"ListItem","position":2,"name":"Katalozi \/ Cjenici"}]},{"@type":"WebSite","@id":"https:\/\/sigma-plus.hr\/#website","url":"https:\/\/sigma-plus.hr\/","name":"SIGMA PLUS","description":"DIZAJN \/ FUNKCIONALNOST \/ KVALITETA","publisher":{"@id":"https:\/\/sigma-plus.hr\/#organization"},"potentialAction":[{"@type":"SearchAction","target":{"@type":"EntryPoint","urlTemplate":"https:\/\/sigma-plus.hr\/?s={search_term_string}"},"query-input":{"@type":"PropertyValueSpecification","valueRequired":true,"valueName":"search_term_string"}}],"inLanguage":"hr"},{"@type":"Organization","@id":"https:\/\/sigma-plus.hr\/#organization","name":"Sigma plus d.o.o.","url":"https:\/\/sigma-plus.hr\/","logo":{"@type":"ImageObject","inLanguage":"hr","@id":"https:\/\/sigma-plus.hr\/#\/schema\/logo\/image\/","url":"https:\/\/sigma-plus.hr\/wp-content\/uploads\/2018\/10\/sigma-plus_logo1.png","contentUrl":"https:\/\/sigma-plus.hr\/wp-content\/uploads\/2018\/10\/sigma-plus_logo1.png","width":394,"height":91,"caption":"Sigma plus d.o.o."},"image":{"@id":"https:\/\/sigma-plus.hr\/#\/schema\/logo\/image\/"},"sameAs":["https:\/\/www.facebook.com\/SigmaPlusNamjestaj\/"]}]}},"_links":{"self":[{"href":"https:\/\/sigma-plus.hr\/index.php\/wp-json\/wp\/v2\/pages\/181","targetHints":{"allow":["GET"]}}],"collection":[{"href":"https:\/\/sigma-plus.hr\/index.php\/wp-json\/wp\/v2\/pages"}],"about":[{"href":"https:\/\/sigma-plus.hr\/index.php\/wp-json\/wp\/v2\/types\/page"}],"author":[{"embeddable":true,"href":"https:\/\/sigma-plus.hr\/index.php\/wp-json\/wp\/v2\/users\/1"}],"replies":[{"embeddable":true,"href":"https:\/\/sigma-plus.hr\/index.php\/wp-json\/wp\/v2\/comments?post=181"}],"version-history":[{"count":160,"href":"https:\/\/sigma-plus.hr\/index.php\/wp-json\/wp\/v2\/pages\/181\/revisions"}],"predecessor-version":[{"id":6887,"href":"https:\/\/sigma-plus.hr\/index.php\/wp-json\/wp\/v2\/pages\/181\/revisions\/6887"}],"wp:attachment":[{"href":"https:\/\/sigma-plus.hr\/index.php\/wp-json\/wp\/v2\/media?parent=181"}],"curies":[{"name":"wp","href":"https:\/\/api.w.org\/{rel}","templated":true}]}}