{"id":182,"date":"2018-10-23T14:41:57","date_gmt":"2018-10-23T12:41:57","guid":{"rendered":"http:\/\/sigma-plus.hr\/?page_id=182"},"modified":"2026-03-19T09:08:29","modified_gmt":"2026-03-19T08:08:29","slug":"preuzimanja","status":"publish","type":"page","link":"https:\/\/sigma-plus.hr\/index.php\/preuzimanja\/","title":{"rendered":"Preuzimanja"},"content":{"rendered":"\n<div class=\"wp-block-columns has-2-columns is-layout-flex wp-container-core-columns-is-layout-9d6595d7 wp-block-columns-is-layout-flex\">\n<div class=\"wp-block-column is-layout-flow wp-block-column-is-layout-flow\"><div class=\"wp-block-image is-resized\">\n<figure class=\"aligncenter size-large\"><a href=\"https:\/\/sigma-plus.hr\/download\/SIGMAPLUS_Tablica_Narudzbe_V2_02.xlsx\" target=\"_blank\" rel=\"noopener\"><img loading=\"lazy\" decoding=\"async\" width=\"512\" height=\"512\" src=\"https:\/\/sigma-plus.hr\/wp-content\/uploads\/2019\/01\/microsoft-excel-C512.png\" alt=\"\" class=\"wp-image-1093\" srcset=\"https:\/\/sigma-plus.hr\/wp-content\/uploads\/2019\/01\/microsoft-excel-C512.png 512w, https:\/\/sigma-plus.hr\/wp-content\/uploads\/2019\/01\/microsoft-excel-C512-100x100.png 100w, https:\/\/sigma-plus.hr\/wp-content\/uploads\/2019\/01\/microsoft-excel-C512-300x300.png 300w, https:\/\/sigma-plus.hr\/wp-content\/uploads\/2019\/01\/microsoft-excel-C512-64x64.png 64w, https:\/\/sigma-plus.hr\/wp-content\/uploads\/2019\/01\/microsoft-excel-C512-150x150.png 150w, https:\/\/sigma-plus.hr\/wp-content\/uploads\/2019\/01\/microsoft-excel-C512-160x160.png 160w, https:\/\/sigma-plus.hr\/wp-content\/uploads\/2019\/01\/microsoft-excel-C512-320x320.png 320w\" sizes=\"auto, (max-width: 512px) 100vw, 512px\" \/><\/a><\/figure>\n<\/div>\n\n\n<div class=\"wp-block-group\"><div class=\"wp-block-group__inner-container is-layout-flow wp-block-group-is-layout-flow\">\n<p class=\"has-text-align-center\"><a href=\"https:\/\/sigma-plus.hr\/download\/SIGMAPLUS_Tablica_Narudzbe_V2_02.xlsx\" target=\"_blank\" rel=\"noreferrer noopener\">TABLICA NARUD\u017dBE<br>u XLS formatu (EXCEL) &#8211; mozete preuzeti ovdje<\/a><\/p>\n\n\n<\/div><\/div>\n<\/div>\n\n\n\n<div class=\"wp-block-column is-layout-flow wp-block-column-is-layout-flow\"><div class=\"wp-block-image is-resized\">\n<figure class=\"aligncenter size-large\"><a href=\"https:\/\/sigma-plus.hr\/download\/SIGMAPLUS_Lista za prekrajanje.xlsx\"><img loading=\"lazy\" decoding=\"async\" width=\"512\" height=\"512\" src=\"https:\/\/sigma-plus.hr\/wp-content\/uploads\/2019\/01\/microsoft-excel-512.png\" alt=\"\" class=\"wp-image-1082\" srcset=\"https:\/\/sigma-plus.hr\/wp-content\/uploads\/2019\/01\/microsoft-excel-512.png 512w, https:\/\/sigma-plus.hr\/wp-content\/uploads\/2019\/01\/microsoft-excel-512-100x100.png 100w, https:\/\/sigma-plus.hr\/wp-content\/uploads\/2019\/01\/microsoft-excel-512-300x300.png 300w, https:\/\/sigma-plus.hr\/wp-content\/uploads\/2019\/01\/microsoft-excel-512-64x64.png 64w, https:\/\/sigma-plus.hr\/wp-content\/uploads\/2019\/01\/microsoft-excel-512-150x150.png 150w, https:\/\/sigma-plus.hr\/wp-content\/uploads\/2019\/01\/microsoft-excel-512-160x160.png 160w, https:\/\/sigma-plus.hr\/wp-content\/uploads\/2019\/01\/microsoft-excel-512-320x320.png 320w\" sizes=\"auto, (max-width: 512px) 100vw, 512px\" \/><\/a><\/figure>\n<\/div>\n\n\n<p class=\"has-text-align-center\"><a href=\"https:\/\/sigma-plus.hr\/download\/SIGMAPLUS_Lista za prekrajanje.xlsx\"><strong>LISTA ZA PREKRAJANJE<\/strong><br>u XLSX formatu (EXCEL) &#8211; mozete preuzeti ovdje<\/a><\/p>\n\n\n<\/div>\n<\/div>\n\n\n\n<hr class=\"wp-block-separator has-css-opacity\"\/>\n\n\n\n<p><strong>&gt;BAZA DEKORA S RUBNIM TRAKAMA ZA CORPUS SIGMA PLUS<\/strong><\/p>\n<p>Na linku ispod, slika logotipa, preuzimate ZIPom komprimiranu datoteku u kojoj se nalazi nova baza na\u0161ih dekora s rubnim trakama. Za dodatne upite obratite se e-mail: igor.starcevic@sigma-plus.hr<\/p>\n\n\n<div class=\"wp-block-image is-resized\">\n<figure class=\"aligncenter size-full\"><a href=\"https:\/\/sigma-plus.hr\/download\/SigmaPlus_DEKORI.zip\" target=\"_blank\" rel=\" noreferrer noopener\"><img loading=\"lazy\" decoding=\"async\" width=\"1155\" height=\"1368\" src=\"https:\/\/sigma-plus.hr\/wp-content\/uploads\/2025\/04\/Corpus_logo01.jpg\" alt=\"\" class=\"wp-image-7035\" style=\"width:272px;height:auto\" srcset=\"https:\/\/sigma-plus.hr\/wp-content\/uploads\/2025\/04\/Corpus_logo01.jpg 1155w, https:\/\/sigma-plus.hr\/wp-content\/uploads\/2025\/04\/Corpus_logo01-253x300.jpg 253w, https:\/\/sigma-plus.hr\/wp-content\/uploads\/2025\/04\/Corpus_logo01-865x1024.jpg 865w, https:\/\/sigma-plus.hr\/wp-content\/uploads\/2025\/04\/Corpus_logo01-768x910.jpg 768w, https:\/\/sigma-plus.hr\/wp-content\/uploads\/2025\/04\/Corpus_logo01-720x853.jpg 720w, https:\/\/sigma-plus.hr\/wp-content\/uploads\/2025\/04\/Corpus_logo01-520x616.jpg 520w, https:\/\/sigma-plus.hr\/wp-content\/uploads\/2025\/04\/Corpus_logo01-320x379.jpg 320w, https:\/\/sigma-plus.hr\/wp-content\/uploads\/2025\/04\/Corpus_logo01-300x355.jpg 300w, https:\/\/sigma-plus.hr\/wp-content\/uploads\/2025\/04\/Corpus_logo01-64x76.jpg 64w\" sizes=\"auto, (max-width: 1155px) 100vw, 1155px\" \/><\/a><\/figure>\n<\/div>\n\n\n<hr class=\"wp-block-separator has-css-opacity\"\/>\n\n\n\n<p><strong>&gt;BAZA MATERIJALA ZA MEGATISCHLER<\/strong><\/p>\n<p>Na linku ispod, preuzimate komprimiranu datoteku \u201cSigmaPlus_MT-bazaMATERIJALA&#8230;.\u201d u kojoj se nalazi nova baza materijala za rad u MegaCAD 3D &#8211; MegaTischler. <br>Za dodatne upite obratite se na e-mail: igor.starcevic@sigma-plus.hr<\/p>\n\n\n<div class=\"wp-block-image is-resized\">\n<figure class=\"aligncenter size-full\"><a href=\"https:\/\/sigma-plus.hr\/download\/SigmaPlus_MT_BAZA%20MATERIJALA.zip\" target=\"_blank\" rel=\" noreferrer noopener\"><img loading=\"lazy\" decoding=\"async\" width=\"756\" height=\"555\" src=\"https:\/\/sigma-plus.hr\/wp-content\/uploads\/2025\/01\/megacad_1.jpg\" alt=\"\" class=\"wp-image-7023\" style=\"width:497px;height:auto\" srcset=\"https:\/\/sigma-plus.hr\/wp-content\/uploads\/2025\/01\/megacad_1.jpg 756w, https:\/\/sigma-plus.hr\/wp-content\/uploads\/2025\/01\/megacad_1-300x220.jpg 300w, https:\/\/sigma-plus.hr\/wp-content\/uploads\/2025\/01\/megacad_1-720x529.jpg 720w, https:\/\/sigma-plus.hr\/wp-content\/uploads\/2025\/01\/megacad_1-520x382.jpg 520w, https:\/\/sigma-plus.hr\/wp-content\/uploads\/2025\/01\/megacad_1-320x235.jpg 320w, https:\/\/sigma-plus.hr\/wp-content\/uploads\/2025\/01\/megacad_1-64x47.jpg 64w\" sizes=\"auto, (max-width: 756px) 100vw, 756px\" \/><\/a><\/figure>\n<\/div>\n\n\n<hr class=\"wp-block-separator has-alpha-channel-opacity\"\/>\n\n\n\n<div class=\"wp-block-columns is-layout-flex wp-container-core-columns-is-layout-9d6595d7 wp-block-columns-is-layout-flex\">\n<div class=\"wp-block-column is-layout-flow wp-block-column-is-layout-flow\">\n<figure class=\"wp-block-image size-large\"><a href=\"https:\/\/sigma-plus.hr\/wp-content\/uploads\/2019\/03\/Sigmaplus_Raumplus-uputa-za-ormare-01.pdf\" target=\"_blank\" rel=\"noreferrer noopener\"><img loading=\"lazy\" decoding=\"async\" width=\"727\" height=\"1024\" src=\"https:\/\/sigma-plus.hr\/wp-content\/uploads\/2019\/03\/Sigmaplus_Raumplus-uputa-za-ormare-01-1-727x1024.jpg\" alt=\"\" class=\"wp-image-2865\" srcset=\"https:\/\/sigma-plus.hr\/wp-content\/uploads\/2019\/03\/Sigmaplus_Raumplus-uputa-za-ormare-01-1-727x1024.jpg 727w, https:\/\/sigma-plus.hr\/wp-content\/uploads\/2019\/03\/Sigmaplus_Raumplus-uputa-za-ormare-01-1-300x423.jpg 300w, https:\/\/sigma-plus.hr\/wp-content\/uploads\/2019\/03\/Sigmaplus_Raumplus-uputa-za-ormare-01-1-64x90.jpg 64w, https:\/\/sigma-plus.hr\/wp-content\/uploads\/2019\/03\/Sigmaplus_Raumplus-uputa-za-ormare-01-1-213x300.jpg 213w, https:\/\/sigma-plus.hr\/wp-content\/uploads\/2019\/03\/Sigmaplus_Raumplus-uputa-za-ormare-01-1-768x1082.jpg 768w, https:\/\/sigma-plus.hr\/wp-content\/uploads\/2019\/03\/Sigmaplus_Raumplus-uputa-za-ormare-01-1-520x733.jpg 520w, https:\/\/sigma-plus.hr\/wp-content\/uploads\/2019\/03\/Sigmaplus_Raumplus-uputa-za-ormare-01-1.jpg 800w\" sizes=\"auto, (max-width: 727px) 100vw, 727px\" \/><\/a><\/figure>\n<\/div>\n\n\n\n<div class=\"wp-block-column is-layout-flow wp-block-column-is-layout-flow\">\n<h2>OLAK\u0160AJTE SI NARUD\u017dBU<br>RAUMPLUS ORMARA<\/h2>\n\n\n\n<p>Raumplus bro\u0161ura koja slijedi sadr\u017ei mno\u0161tvo korisnih informacija i savjeta koji \u0107e Vam pomo\u0107i u ostvarivanju vlastitog personaliziranog Raumplus sustava ormara po mjeri<\/p>\n<p>&nbsp;<\/p>\n\n\n\n<figure class=\"wp-block-image size-full\"><a href=\"https:\/\/sigma-plus.hr\/wp-content\/uploads\/2019\/03\/Sigmaplus_Raumplus-uputa-za-ormare-01-8.pdf\" target=\"_blank\" rel=\"noreferrer noopener\"><img loading=\"lazy\" decoding=\"async\" width=\"984\" height=\"704\" src=\"https:\/\/sigma-plus.hr\/wp-content\/uploads\/2019\/03\/Sigmaplus_Raumplus-uputa-za-ormare-01-8.jpg\" alt=\"\" class=\"wp-image-2857\" srcset=\"https:\/\/sigma-plus.hr\/wp-content\/uploads\/2019\/03\/Sigmaplus_Raumplus-uputa-za-ormare-01-8.jpg 984w, https:\/\/sigma-plus.hr\/wp-content\/uploads\/2019\/03\/Sigmaplus_Raumplus-uputa-za-ormare-01-8-300x215.jpg 300w, https:\/\/sigma-plus.hr\/wp-content\/uploads\/2019\/03\/Sigmaplus_Raumplus-uputa-za-ormare-01-8-64x46.jpg 64w, https:\/\/sigma-plus.hr\/wp-content\/uploads\/2019\/03\/Sigmaplus_Raumplus-uputa-za-ormare-01-8-768x549.jpg 768w, https:\/\/sigma-plus.hr\/wp-content\/uploads\/2019\/03\/Sigmaplus_Raumplus-uputa-za-ormare-01-8-520x372.jpg 520w\" sizes=\"auto, (max-width: 984px) 100vw, 984px\" \/><\/a><\/figure>\n<\/div>\n<\/div>\n\n\n","protected":false},"excerpt":{"rendered":"<p>TABLICA NARUD\u017dBEu XLS formatu (EXCEL) &#8211; mozete preuzeti ovdje LISTA ZA PREKRAJANJEu XLSX formatu (EXCEL) &#8211; mozete preuzeti ovdje &gt;BAZA DEKORA S RUBNIM TRAKAMA ZA CORPUS SIGMA PLUS Na linku ispod, slika logotipa, preuzimate&#46;&#46;&#46;<\/p>\n","protected":false},"author":1,"featured_media":0,"parent":0,"menu_order":0,"comment_status":"closed","ping_status":"closed","template":"","meta":{"footnotes":""},"class_list":["post-182","page","type-page","status-publish","hentry"],"yoast_head":"<!-- This site is optimized with the Yoast SEO plugin v27.4 - https:\/\/yoast.com\/product\/yoast-seo-wordpress\/ -->\n<title>Preuzimanja - SIGMA PLUS Sve za namje\u0161taj<\/title>\n<meta name=\"description\" content=\"Alu-style, Cleaf, Egger, Gamet, Grass, Hafele, Icas Kesseboehmer, Lehmann, Nehl, Raumplus, Schwinn, Vitris, Zobal\" \/>\n<meta name=\"robots\" content=\"index, follow, max-snippet:-1, max-image-preview:large, max-video-preview:-1\" \/>\n<link rel=\"canonical\" href=\"https:\/\/sigma-plus.hr\/index.php\/preuzimanja\/\" \/>\n<meta property=\"og:locale\" content=\"hr_HR\" \/>\n<meta property=\"og:type\" content=\"article\" \/>\n<meta property=\"og:title\" content=\"Preuzimanja - SIGMA PLUS Sve za namje\u0161taj\" \/>\n<meta property=\"og:description\" content=\"Alu-style, Cleaf, Egger, Gamet, Grass, Hafele, Icas Kesseboehmer, Lehmann, Nehl, Raumplus, Schwinn, Vitris, Zobal\" \/>\n<meta property=\"og:url\" content=\"https:\/\/sigma-plus.hr\/index.php\/preuzimanja\/\" \/>\n<meta property=\"og:site_name\" content=\"SIGMA PLUS\" \/>\n<meta property=\"article:publisher\" content=\"https:\/\/www.facebook.com\/SigmaPlusNamjestaj\/\" \/>\n<meta property=\"article:modified_time\" content=\"2026-03-19T08:08:29+00:00\" \/>\n<meta property=\"og:image\" content=\"https:\/\/sigma-plus.hr\/wp-content\/uploads\/2019\/01\/microsoft-excel-C512.png\" \/>\n\t<meta property=\"og:image:width\" content=\"512\" \/>\n\t<meta property=\"og:image:height\" content=\"512\" \/>\n\t<meta property=\"og:image:type\" content=\"image\/png\" \/>\n<meta name=\"twitter:card\" content=\"summary_large_image\" \/>\n<meta name=\"twitter:label1\" content=\"Procijenjeno vrijeme \u010ditanja\" \/>\n\t<meta name=\"twitter:data1\" content=\"2 minute\" \/>\n<script type=\"application\/ld+json\" class=\"yoast-schema-graph\">{\"@context\":\"https:\\\/\\\/schema.org\",\"@graph\":[{\"@type\":\"WebPage\",\"@id\":\"https:\\\/\\\/sigma-plus.hr\\\/index.php\\\/preuzimanja\\\/\",\"url\":\"https:\\\/\\\/sigma-plus.hr\\\/index.php\\\/preuzimanja\\\/\",\"name\":\"Preuzimanja - SIGMA PLUS Sve za namje\u0161taj\",\"isPartOf\":{\"@id\":\"https:\\\/\\\/sigma-plus.hr\\\/#website\"},\"primaryImageOfPage\":{\"@id\":\"https:\\\/\\\/sigma-plus.hr\\\/index.php\\\/preuzimanja\\\/#primaryimage\"},\"image\":{\"@id\":\"https:\\\/\\\/sigma-plus.hr\\\/index.php\\\/preuzimanja\\\/#primaryimage\"},\"thumbnailUrl\":\"https:\\\/\\\/sigma-plus.hr\\\/wp-content\\\/uploads\\\/2019\\\/01\\\/microsoft-excel-C512.png\",\"datePublished\":\"2018-10-23T12:41:57+00:00\",\"dateModified\":\"2026-03-19T08:08:29+00:00\",\"description\":\"Alu-style, Cleaf, Egger, Gamet, Grass, Hafele, Icas Kesseboehmer, Lehmann, Nehl, Raumplus, Schwinn, Vitris, Zobal\",\"breadcrumb\":{\"@id\":\"https:\\\/\\\/sigma-plus.hr\\\/index.php\\\/preuzimanja\\\/#breadcrumb\"},\"inLanguage\":\"hr\",\"potentialAction\":[{\"@type\":\"ReadAction\",\"target\":[\"https:\\\/\\\/sigma-plus.hr\\\/index.php\\\/preuzimanja\\\/\"]}]},{\"@type\":\"ImageObject\",\"inLanguage\":\"hr\",\"@id\":\"https:\\\/\\\/sigma-plus.hr\\\/index.php\\\/preuzimanja\\\/#primaryimage\",\"url\":\"https:\\\/\\\/sigma-plus.hr\\\/wp-content\\\/uploads\\\/2019\\\/01\\\/microsoft-excel-C512.png\",\"contentUrl\":\"https:\\\/\\\/sigma-plus.hr\\\/wp-content\\\/uploads\\\/2019\\\/01\\\/microsoft-excel-C512.png\",\"width\":512,\"height\":512},{\"@type\":\"BreadcrumbList\",\"@id\":\"https:\\\/\\\/sigma-plus.hr\\\/index.php\\\/preuzimanja\\\/#breadcrumb\",\"itemListElement\":[{\"@type\":\"ListItem\",\"position\":1,\"name\":\"Po\u010detna stranica\",\"item\":\"https:\\\/\\\/sigma-plus.hr\\\/\"},{\"@type\":\"ListItem\",\"position\":2,\"name\":\"Preuzimanja\"}]},{\"@type\":\"WebSite\",\"@id\":\"https:\\\/\\\/sigma-plus.hr\\\/#website\",\"url\":\"https:\\\/\\\/sigma-plus.hr\\\/\",\"name\":\"SIGMA PLUS\",\"description\":\"DIZAJN \\\/ FUNKCIONALNOST \\\/ KVALITETA\",\"publisher\":{\"@id\":\"https:\\\/\\\/sigma-plus.hr\\\/#organization\"},\"potentialAction\":[{\"@type\":\"SearchAction\",\"target\":{\"@type\":\"EntryPoint\",\"urlTemplate\":\"https:\\\/\\\/sigma-plus.hr\\\/?s={search_term_string}\"},\"query-input\":{\"@type\":\"PropertyValueSpecification\",\"valueRequired\":true,\"valueName\":\"search_term_string\"}}],\"inLanguage\":\"hr\"},{\"@type\":\"Organization\",\"@id\":\"https:\\\/\\\/sigma-plus.hr\\\/#organization\",\"name\":\"Sigma plus d.o.o.\",\"url\":\"https:\\\/\\\/sigma-plus.hr\\\/\",\"logo\":{\"@type\":\"ImageObject\",\"inLanguage\":\"hr\",\"@id\":\"https:\\\/\\\/sigma-plus.hr\\\/#\\\/schema\\\/logo\\\/image\\\/\",\"url\":\"https:\\\/\\\/sigma-plus.hr\\\/wp-content\\\/uploads\\\/2018\\\/10\\\/sigma-plus_logo1.png\",\"contentUrl\":\"https:\\\/\\\/sigma-plus.hr\\\/wp-content\\\/uploads\\\/2018\\\/10\\\/sigma-plus_logo1.png\",\"width\":394,\"height\":91,\"caption\":\"Sigma plus d.o.o.\"},\"image\":{\"@id\":\"https:\\\/\\\/sigma-plus.hr\\\/#\\\/schema\\\/logo\\\/image\\\/\"},\"sameAs\":[\"https:\\\/\\\/www.facebook.com\\\/SigmaPlusNamjestaj\\\/\"]}]}<\/script>\n<!-- \/ Yoast SEO plugin. -->","yoast_head_json":{"title":"Preuzimanja - SIGMA PLUS Sve za namje\u0161taj","description":"Alu-style, Cleaf, Egger, Gamet, Grass, Hafele, Icas Kesseboehmer, Lehmann, Nehl, Raumplus, Schwinn, Vitris, Zobal","robots":{"index":"index","follow":"follow","max-snippet":"max-snippet:-1","max-image-preview":"max-image-preview:large","max-video-preview":"max-video-preview:-1"},"canonical":"https:\/\/sigma-plus.hr\/index.php\/preuzimanja\/","og_locale":"hr_HR","og_type":"article","og_title":"Preuzimanja - SIGMA PLUS Sve za namje\u0161taj","og_description":"Alu-style, Cleaf, Egger, Gamet, Grass, Hafele, Icas Kesseboehmer, Lehmann, Nehl, Raumplus, Schwinn, Vitris, Zobal","og_url":"https:\/\/sigma-plus.hr\/index.php\/preuzimanja\/","og_site_name":"SIGMA PLUS","article_publisher":"https:\/\/www.facebook.com\/SigmaPlusNamjestaj\/","article_modified_time":"2026-03-19T08:08:29+00:00","og_image":[{"width":512,"height":512,"url":"https:\/\/sigma-plus.hr\/wp-content\/uploads\/2019\/01\/microsoft-excel-C512.png","type":"image\/png"}],"twitter_card":"summary_large_image","twitter_misc":{"Procijenjeno vrijeme \u010ditanja":"2 minute"},"schema":{"@context":"https:\/\/schema.org","@graph":[{"@type":"WebPage","@id":"https:\/\/sigma-plus.hr\/index.php\/preuzimanja\/","url":"https:\/\/sigma-plus.hr\/index.php\/preuzimanja\/","name":"Preuzimanja - SIGMA PLUS Sve za namje\u0161taj","isPartOf":{"@id":"https:\/\/sigma-plus.hr\/#website"},"primaryImageOfPage":{"@id":"https:\/\/sigma-plus.hr\/index.php\/preuzimanja\/#primaryimage"},"image":{"@id":"https:\/\/sigma-plus.hr\/index.php\/preuzimanja\/#primaryimage"},"thumbnailUrl":"https:\/\/sigma-plus.hr\/wp-content\/uploads\/2019\/01\/microsoft-excel-C512.png","datePublished":"2018-10-23T12:41:57+00:00","dateModified":"2026-03-19T08:08:29+00:00","description":"Alu-style, Cleaf, Egger, Gamet, Grass, Hafele, Icas Kesseboehmer, Lehmann, Nehl, Raumplus, Schwinn, Vitris, Zobal","breadcrumb":{"@id":"https:\/\/sigma-plus.hr\/index.php\/preuzimanja\/#breadcrumb"},"inLanguage":"hr","potentialAction":[{"@type":"ReadAction","target":["https:\/\/sigma-plus.hr\/index.php\/preuzimanja\/"]}]},{"@type":"ImageObject","inLanguage":"hr","@id":"https:\/\/sigma-plus.hr\/index.php\/preuzimanja\/#primaryimage","url":"https:\/\/sigma-plus.hr\/wp-content\/uploads\/2019\/01\/microsoft-excel-C512.png","contentUrl":"https:\/\/sigma-plus.hr\/wp-content\/uploads\/2019\/01\/microsoft-excel-C512.png","width":512,"height":512},{"@type":"BreadcrumbList","@id":"https:\/\/sigma-plus.hr\/index.php\/preuzimanja\/#breadcrumb","itemListElement":[{"@type":"ListItem","position":1,"name":"Po\u010detna stranica","item":"https:\/\/sigma-plus.hr\/"},{"@type":"ListItem","position":2,"name":"Preuzimanja"}]},{"@type":"WebSite","@id":"https:\/\/sigma-plus.hr\/#website","url":"https:\/\/sigma-plus.hr\/","name":"SIGMA PLUS","description":"DIZAJN \/ FUNKCIONALNOST \/ KVALITETA","publisher":{"@id":"https:\/\/sigma-plus.hr\/#organization"},"potentialAction":[{"@type":"SearchAction","target":{"@type":"EntryPoint","urlTemplate":"https:\/\/sigma-plus.hr\/?s={search_term_string}"},"query-input":{"@type":"PropertyValueSpecification","valueRequired":true,"valueName":"search_term_string"}}],"inLanguage":"hr"},{"@type":"Organization","@id":"https:\/\/sigma-plus.hr\/#organization","name":"Sigma plus d.o.o.","url":"https:\/\/sigma-plus.hr\/","logo":{"@type":"ImageObject","inLanguage":"hr","@id":"https:\/\/sigma-plus.hr\/#\/schema\/logo\/image\/","url":"https:\/\/sigma-plus.hr\/wp-content\/uploads\/2018\/10\/sigma-plus_logo1.png","contentUrl":"https:\/\/sigma-plus.hr\/wp-content\/uploads\/2018\/10\/sigma-plus_logo1.png","width":394,"height":91,"caption":"Sigma plus d.o.o."},"image":{"@id":"https:\/\/sigma-plus.hr\/#\/schema\/logo\/image\/"},"sameAs":["https:\/\/www.facebook.com\/SigmaPlusNamjestaj\/"]}]}},"_links":{"self":[{"href":"https:\/\/sigma-plus.hr\/index.php\/wp-json\/wp\/v2\/pages\/182","targetHints":{"allow":["GET"]}}],"collection":[{"href":"https:\/\/sigma-plus.hr\/index.php\/wp-json\/wp\/v2\/pages"}],"about":[{"href":"https:\/\/sigma-plus.hr\/index.php\/wp-json\/wp\/v2\/types\/page"}],"author":[{"embeddable":true,"href":"https:\/\/sigma-plus.hr\/index.php\/wp-json\/wp\/v2\/users\/1"}],"replies":[{"embeddable":true,"href":"https:\/\/sigma-plus.hr\/index.php\/wp-json\/wp\/v2\/comments?post=182"}],"version-history":[{"count":249,"href":"https:\/\/sigma-plus.hr\/index.php\/wp-json\/wp\/v2\/pages\/182\/revisions"}],"predecessor-version":[{"id":7180,"href":"https:\/\/sigma-plus.hr\/index.php\/wp-json\/wp\/v2\/pages\/182\/revisions\/7180"}],"wp:attachment":[{"href":"https:\/\/sigma-plus.hr\/index.php\/wp-json\/wp\/v2\/media?parent=182"}],"curies":[{"name":"wp","href":"https:\/\/api.w.org\/{rel}","templated":true}]}}