{"id":4750,"date":"2020-08-14T08:49:51","date_gmt":"2020-08-14T06:49:51","guid":{"rendered":"https:\/\/sigma-plus.hr\/?page_id=4750"},"modified":"2020-08-27T16:00:11","modified_gmt":"2020-08-27T14:00:11","slug":"nova-usluga","status":"publish","type":"page","link":"https:\/\/sigma-plus.hr\/index.php\/nova-usluga\/","title":{"rendered":"Nova usluga"},"content":{"rendered":"<h3><strong><span style=\"color: #808080;\">JEDINI U HRVATSKOJ<\/span><br><\/strong><\/h3>\n<h2><strong>Kompletno bu\u0161enje i ubacivanje tipli!<\/strong><\/h2>\n\n\n<p>Sigma plus, jedina u Hrvatskoj, kupcima nudi uslugu kompletnog bu\u0161enja, izradu utora i poluutora te ubacivanja drvenih tipli za spajanje. Bu\u0161enja uklju\u010duju sve konstruktivne rupe za pante, ru\u010dkice, tiple, minifikse, ekscentre, nosa\u010de polica i druge potrebne rupe.<\/p>\n\n\n\n<figure class=\"wp-block-image is-resized\"><img loading=\"lazy\" decoding=\"async\" src=\"https:\/\/sigma-plus.hr\/wp-content\/uploads\/2020\/08\/ubacivanje-tipli_02-1024x640.jpg\" alt=\"\" class=\"wp-image-4755\" width=\"788\" height=\"492\" srcset=\"https:\/\/sigma-plus.hr\/wp-content\/uploads\/2020\/08\/ubacivanje-tipli_02-1024x640.jpg 1024w, https:\/\/sigma-plus.hr\/wp-content\/uploads\/2020\/08\/ubacivanje-tipli_02-300x187.jpg 300w, https:\/\/sigma-plus.hr\/wp-content\/uploads\/2020\/08\/ubacivanje-tipli_02-64x40.jpg 64w, https:\/\/sigma-plus.hr\/wp-content\/uploads\/2020\/08\/ubacivanje-tipli_02-768x480.jpg 768w, https:\/\/sigma-plus.hr\/wp-content\/uploads\/2020\/08\/ubacivanje-tipli_02-1536x960.jpg 1536w, https:\/\/sigma-plus.hr\/wp-content\/uploads\/2020\/08\/ubacivanje-tipli_02-720x450.jpg 720w, https:\/\/sigma-plus.hr\/wp-content\/uploads\/2020\/08\/ubacivanje-tipli_02-520x325.jpg 520w, https:\/\/sigma-plus.hr\/wp-content\/uploads\/2020\/08\/ubacivanje-tipli_02-320x200.jpg 320w, https:\/\/sigma-plus.hr\/wp-content\/uploads\/2020\/08\/ubacivanje-tipli_02.jpg 1575w\" sizes=\"auto, (max-width: 788px) 100vw, 788px\" \/><\/figure>\n\n\n\n<p>Osim toga na radnim plo\u010dama obavljamo usluge izrade kutnih spojeva radne plo\u010de te izrezivanje za sudopere, kuhala, i druge ku\u0107anske ure\u0111aje.<\/p>\n\n\n\n<h3><strong>Za\u0161to smo bolji od drugih?<\/strong><\/h3>\n<p>Sve te usluge i radne operacije izvodimo vrlo jednostavno jer narud\u017ebe od na\u0161ih kupaca zaprimamo putem softverskih programa (Corpus i MT &#8211; MegaTischler). Direktnim u\u010ditavanjem iz spomenutih softvera nemamo nikakvih dorada i preinaka, nema gre\u0161aka, sve \u0161to kupac projektira, zamisli i nacrta to direktno pretvaramo u radni nalog i odmah kreiramo program za radnu operaciju bu\u0161enja na stroju.<\/p>\n\n\n\n<p>Kod kreiranja radnog naloga i operacije, standardno se kreira i naljepnica koju robot jo\u0161 prije piljenja lijepi na cijelu plo\u010du, na poziciju gdje \u0107e element biti ispiljen i sa orijentacijom koju projekat zahtijeva, u smjeru ili okomito na god, sa svim popratnim oznakama kantiranja.<br>Ovo su sve oznake i informacije koje se standardno nalaze na naljepnicama:<\/p>\n\n\n\n<ul class=\"wp-block-list\"><li><strong>Broj naloga<\/strong><\/li><li><strong>Datum narud\u017ebe<\/strong><\/li><li><strong>Oznaka materijala<\/strong><\/li><li><strong>Dimenzija<\/strong><\/li><li><strong>\u0160ifra kantiranja<\/strong><\/li><li><strong>Broj komada<\/strong><\/li><li><strong>Vrsta obrade<\/strong><\/li><\/ul>\n\n\n\n<p>Kako bi poja\u010dali kontrolu i dodatno sprije\u010dili nastanak pogre\u0161ke, na\u0161 sustav jedini u Hrvatskoj ima mogu\u0107nost dodatnog opisa elementa za proizvod kroz 6 dodatnih napomena na naljepnici.<\/p>\n\n\n\n<figure class=\"wp-block-image size-large is-resized\"><img loading=\"lazy\" decoding=\"async\" src=\"https:\/\/sigma-plus.hr\/wp-content\/uploads\/2020\/08\/ubacivanje-tipli_naljepnica-1024x625.jpeg\" alt=\"\" class=\"wp-image-4758\" width=\"486\" height=\"296\" srcset=\"https:\/\/sigma-plus.hr\/wp-content\/uploads\/2020\/08\/ubacivanje-tipli_naljepnica-1024x625.jpeg 1024w, https:\/\/sigma-plus.hr\/wp-content\/uploads\/2020\/08\/ubacivanje-tipli_naljepnica-300x183.jpeg 300w, https:\/\/sigma-plus.hr\/wp-content\/uploads\/2020\/08\/ubacivanje-tipli_naljepnica-64x39.jpeg 64w, https:\/\/sigma-plus.hr\/wp-content\/uploads\/2020\/08\/ubacivanje-tipli_naljepnica-768x469.jpeg 768w, https:\/\/sigma-plus.hr\/wp-content\/uploads\/2020\/08\/ubacivanje-tipli_naljepnica-720x439.jpeg 720w, https:\/\/sigma-plus.hr\/wp-content\/uploads\/2020\/08\/ubacivanje-tipli_naljepnica-520x317.jpeg 520w, https:\/\/sigma-plus.hr\/wp-content\/uploads\/2020\/08\/ubacivanje-tipli_naljepnica-320x195.jpeg 320w, https:\/\/sigma-plus.hr\/wp-content\/uploads\/2020\/08\/ubacivanje-tipli_naljepnica.jpeg 1280w\" sizes=\"auto, (max-width: 486px) 100vw, 486px\" \/><\/figure>\n\n\n\n<blockquote class=\"wp-block-quote is-style-large is-layout-flow wp-block-quote-is-layout-flow\"><p><strong>Ali, kako bi rekli na poznatoj reklami, to jo\u0161 nije sve!<\/strong><\/p><\/blockquote>\n\n\n\n<p>Osim svega navedenog isti\u010demo da na\u0161a naljepnica, jedina od svih drvnih centara, ima i BarCod u kojem je generiran program za sva navedena bu\u0161enja na CNC-u sa prepoznavanjem A i B strane obrade na CNC strojevima. \u0160to zna\u010di, nema crtanja na stroju, nema programiranja, dovoljno je \u010dita\u010dem BarCod-a kliknuti na naljepnicu i na ekranu provjeriti u\u010ditani program i krenuti u obradu, sve ostalo odra\u0111uje CNC. Dakle, nakon zaprimanja narud\u017ebe od kupca pa do kona\u010dne obrade, cijeli proces obavlja se kroz nekoliko klikova na ra\u010dunalima.<\/p>\n\n\n","protected":false},"excerpt":{"rendered":"<p>JEDINI U HRVATSKOJ Kompletno bu\u0161enje i ubacivanje tipli! Sigma plus, jedina u Hrvatskoj, kupcima nudi uslugu kompletnog bu\u0161enja, izradu utora i poluutora te ubacivanja drvenih tipli za spajanje. Bu\u0161enja uklju\u010duju sve konstruktivne rupe za&#46;&#46;&#46;<\/p>\n","protected":false},"author":1,"featured_media":0,"parent":0,"menu_order":0,"comment_status":"closed","ping_status":"closed","template":"","meta":{"footnotes":""},"class_list":["post-4750","page","type-page","status-publish","hentry"],"yoast_head":"<!-- This site is optimized with the Yoast SEO plugin v27.4 - https:\/\/yoast.com\/product\/yoast-seo-wordpress\/ -->\n<title>Nova usluga - SIGMA PLUS Sve za namje\u0161taj<\/title>\n<meta name=\"description\" content=\"Alu-style, Cleaf, Egger, Gamet, Grass, Hafele, Icas Kesseboehmer, Lehmann, Nehl, Raumplus, Schwinn, Vitris, Zobal\" \/>\n<meta name=\"robots\" content=\"index, follow, max-snippet:-1, max-image-preview:large, max-video-preview:-1\" \/>\n<link rel=\"canonical\" href=\"https:\/\/sigma-plus.hr\/index.php\/nova-usluga\/\" \/>\n<meta property=\"og:locale\" content=\"hr_HR\" \/>\n<meta property=\"og:type\" content=\"article\" \/>\n<meta property=\"og:title\" content=\"Nova usluga - SIGMA PLUS Sve za namje\u0161taj\" \/>\n<meta property=\"og:description\" content=\"Alu-style, Cleaf, Egger, Gamet, Grass, Hafele, Icas Kesseboehmer, Lehmann, Nehl, Raumplus, Schwinn, Vitris, Zobal\" \/>\n<meta property=\"og:url\" content=\"https:\/\/sigma-plus.hr\/index.php\/nova-usluga\/\" \/>\n<meta property=\"og:site_name\" content=\"SIGMA PLUS\" \/>\n<meta property=\"article:publisher\" content=\"https:\/\/www.facebook.com\/SigmaPlusNamjestaj\/\" \/>\n<meta property=\"article:modified_time\" content=\"2020-08-27T14:00:11+00:00\" \/>\n<meta property=\"og:image\" content=\"https:\/\/sigma-plus.hr\/wp-content\/uploads\/2020\/08\/ubacivanje-tipli_02-1024x640.jpg\" \/>\n<meta name=\"twitter:card\" content=\"summary_large_image\" \/>\n<meta name=\"twitter:label1\" content=\"Procijenjeno vrijeme \u010ditanja\" \/>\n\t<meta name=\"twitter:data1\" content=\"2 minute\" \/>\n<script type=\"application\/ld+json\" class=\"yoast-schema-graph\">{\"@context\":\"https:\\\/\\\/schema.org\",\"@graph\":[{\"@type\":\"WebPage\",\"@id\":\"https:\\\/\\\/sigma-plus.hr\\\/index.php\\\/nova-usluga\\\/\",\"url\":\"https:\\\/\\\/sigma-plus.hr\\\/index.php\\\/nova-usluga\\\/\",\"name\":\"Nova usluga - SIGMA PLUS Sve za namje\u0161taj\",\"isPartOf\":{\"@id\":\"https:\\\/\\\/sigma-plus.hr\\\/#website\"},\"primaryImageOfPage\":{\"@id\":\"https:\\\/\\\/sigma-plus.hr\\\/index.php\\\/nova-usluga\\\/#primaryimage\"},\"image\":{\"@id\":\"https:\\\/\\\/sigma-plus.hr\\\/index.php\\\/nova-usluga\\\/#primaryimage\"},\"thumbnailUrl\":\"https:\\\/\\\/sigma-plus.hr\\\/wp-content\\\/uploads\\\/2020\\\/08\\\/ubacivanje-tipli_02-1024x640.jpg\",\"datePublished\":\"2020-08-14T06:49:51+00:00\",\"dateModified\":\"2020-08-27T14:00:11+00:00\",\"description\":\"Alu-style, Cleaf, Egger, Gamet, Grass, Hafele, Icas Kesseboehmer, Lehmann, Nehl, Raumplus, Schwinn, Vitris, Zobal\",\"breadcrumb\":{\"@id\":\"https:\\\/\\\/sigma-plus.hr\\\/index.php\\\/nova-usluga\\\/#breadcrumb\"},\"inLanguage\":\"hr\",\"potentialAction\":[{\"@type\":\"ReadAction\",\"target\":[\"https:\\\/\\\/sigma-plus.hr\\\/index.php\\\/nova-usluga\\\/\"]}]},{\"@type\":\"ImageObject\",\"inLanguage\":\"hr\",\"@id\":\"https:\\\/\\\/sigma-plus.hr\\\/index.php\\\/nova-usluga\\\/#primaryimage\",\"url\":\"https:\\\/\\\/sigma-plus.hr\\\/wp-content\\\/uploads\\\/2020\\\/08\\\/ubacivanje-tipli_02.jpg\",\"contentUrl\":\"https:\\\/\\\/sigma-plus.hr\\\/wp-content\\\/uploads\\\/2020\\\/08\\\/ubacivanje-tipli_02.jpg\",\"width\":1575,\"height\":984},{\"@type\":\"BreadcrumbList\",\"@id\":\"https:\\\/\\\/sigma-plus.hr\\\/index.php\\\/nova-usluga\\\/#breadcrumb\",\"itemListElement\":[{\"@type\":\"ListItem\",\"position\":1,\"name\":\"Po\u010detna stranica\",\"item\":\"https:\\\/\\\/sigma-plus.hr\\\/\"},{\"@type\":\"ListItem\",\"position\":2,\"name\":\"Nova usluga\"}]},{\"@type\":\"WebSite\",\"@id\":\"https:\\\/\\\/sigma-plus.hr\\\/#website\",\"url\":\"https:\\\/\\\/sigma-plus.hr\\\/\",\"name\":\"SIGMA PLUS\",\"description\":\"DIZAJN \\\/ FUNKCIONALNOST \\\/ KVALITETA\",\"publisher\":{\"@id\":\"https:\\\/\\\/sigma-plus.hr\\\/#organization\"},\"potentialAction\":[{\"@type\":\"SearchAction\",\"target\":{\"@type\":\"EntryPoint\",\"urlTemplate\":\"https:\\\/\\\/sigma-plus.hr\\\/?s={search_term_string}\"},\"query-input\":{\"@type\":\"PropertyValueSpecification\",\"valueRequired\":true,\"valueName\":\"search_term_string\"}}],\"inLanguage\":\"hr\"},{\"@type\":\"Organization\",\"@id\":\"https:\\\/\\\/sigma-plus.hr\\\/#organization\",\"name\":\"Sigma plus d.o.o.\",\"url\":\"https:\\\/\\\/sigma-plus.hr\\\/\",\"logo\":{\"@type\":\"ImageObject\",\"inLanguage\":\"hr\",\"@id\":\"https:\\\/\\\/sigma-plus.hr\\\/#\\\/schema\\\/logo\\\/image\\\/\",\"url\":\"https:\\\/\\\/sigma-plus.hr\\\/wp-content\\\/uploads\\\/2018\\\/10\\\/sigma-plus_logo1.png\",\"contentUrl\":\"https:\\\/\\\/sigma-plus.hr\\\/wp-content\\\/uploads\\\/2018\\\/10\\\/sigma-plus_logo1.png\",\"width\":394,\"height\":91,\"caption\":\"Sigma plus d.o.o.\"},\"image\":{\"@id\":\"https:\\\/\\\/sigma-plus.hr\\\/#\\\/schema\\\/logo\\\/image\\\/\"},\"sameAs\":[\"https:\\\/\\\/www.facebook.com\\\/SigmaPlusNamjestaj\\\/\"]}]}<\/script>\n<!-- \/ Yoast SEO plugin. -->","yoast_head_json":{"title":"Nova usluga - SIGMA PLUS Sve za namje\u0161taj","description":"Alu-style, Cleaf, Egger, Gamet, Grass, Hafele, Icas Kesseboehmer, Lehmann, Nehl, Raumplus, Schwinn, Vitris, Zobal","robots":{"index":"index","follow":"follow","max-snippet":"max-snippet:-1","max-image-preview":"max-image-preview:large","max-video-preview":"max-video-preview:-1"},"canonical":"https:\/\/sigma-plus.hr\/index.php\/nova-usluga\/","og_locale":"hr_HR","og_type":"article","og_title":"Nova usluga - SIGMA PLUS Sve za namje\u0161taj","og_description":"Alu-style, Cleaf, Egger, Gamet, Grass, Hafele, Icas Kesseboehmer, Lehmann, Nehl, Raumplus, Schwinn, Vitris, Zobal","og_url":"https:\/\/sigma-plus.hr\/index.php\/nova-usluga\/","og_site_name":"SIGMA PLUS","article_publisher":"https:\/\/www.facebook.com\/SigmaPlusNamjestaj\/","article_modified_time":"2020-08-27T14:00:11+00:00","og_image":[{"url":"https:\/\/sigma-plus.hr\/wp-content\/uploads\/2020\/08\/ubacivanje-tipli_02-1024x640.jpg","type":"","width":"","height":""}],"twitter_card":"summary_large_image","twitter_misc":{"Procijenjeno vrijeme \u010ditanja":"2 minute"},"schema":{"@context":"https:\/\/schema.org","@graph":[{"@type":"WebPage","@id":"https:\/\/sigma-plus.hr\/index.php\/nova-usluga\/","url":"https:\/\/sigma-plus.hr\/index.php\/nova-usluga\/","name":"Nova usluga - SIGMA PLUS Sve za namje\u0161taj","isPartOf":{"@id":"https:\/\/sigma-plus.hr\/#website"},"primaryImageOfPage":{"@id":"https:\/\/sigma-plus.hr\/index.php\/nova-usluga\/#primaryimage"},"image":{"@id":"https:\/\/sigma-plus.hr\/index.php\/nova-usluga\/#primaryimage"},"thumbnailUrl":"https:\/\/sigma-plus.hr\/wp-content\/uploads\/2020\/08\/ubacivanje-tipli_02-1024x640.jpg","datePublished":"2020-08-14T06:49:51+00:00","dateModified":"2020-08-27T14:00:11+00:00","description":"Alu-style, Cleaf, Egger, Gamet, Grass, Hafele, Icas Kesseboehmer, Lehmann, Nehl, Raumplus, Schwinn, Vitris, Zobal","breadcrumb":{"@id":"https:\/\/sigma-plus.hr\/index.php\/nova-usluga\/#breadcrumb"},"inLanguage":"hr","potentialAction":[{"@type":"ReadAction","target":["https:\/\/sigma-plus.hr\/index.php\/nova-usluga\/"]}]},{"@type":"ImageObject","inLanguage":"hr","@id":"https:\/\/sigma-plus.hr\/index.php\/nova-usluga\/#primaryimage","url":"https:\/\/sigma-plus.hr\/wp-content\/uploads\/2020\/08\/ubacivanje-tipli_02.jpg","contentUrl":"https:\/\/sigma-plus.hr\/wp-content\/uploads\/2020\/08\/ubacivanje-tipli_02.jpg","width":1575,"height":984},{"@type":"BreadcrumbList","@id":"https:\/\/sigma-plus.hr\/index.php\/nova-usluga\/#breadcrumb","itemListElement":[{"@type":"ListItem","position":1,"name":"Po\u010detna stranica","item":"https:\/\/sigma-plus.hr\/"},{"@type":"ListItem","position":2,"name":"Nova usluga"}]},{"@type":"WebSite","@id":"https:\/\/sigma-plus.hr\/#website","url":"https:\/\/sigma-plus.hr\/","name":"SIGMA PLUS","description":"DIZAJN \/ FUNKCIONALNOST \/ KVALITETA","publisher":{"@id":"https:\/\/sigma-plus.hr\/#organization"},"potentialAction":[{"@type":"SearchAction","target":{"@type":"EntryPoint","urlTemplate":"https:\/\/sigma-plus.hr\/?s={search_term_string}"},"query-input":{"@type":"PropertyValueSpecification","valueRequired":true,"valueName":"search_term_string"}}],"inLanguage":"hr"},{"@type":"Organization","@id":"https:\/\/sigma-plus.hr\/#organization","name":"Sigma plus d.o.o.","url":"https:\/\/sigma-plus.hr\/","logo":{"@type":"ImageObject","inLanguage":"hr","@id":"https:\/\/sigma-plus.hr\/#\/schema\/logo\/image\/","url":"https:\/\/sigma-plus.hr\/wp-content\/uploads\/2018\/10\/sigma-plus_logo1.png","contentUrl":"https:\/\/sigma-plus.hr\/wp-content\/uploads\/2018\/10\/sigma-plus_logo1.png","width":394,"height":91,"caption":"Sigma plus d.o.o."},"image":{"@id":"https:\/\/sigma-plus.hr\/#\/schema\/logo\/image\/"},"sameAs":["https:\/\/www.facebook.com\/SigmaPlusNamjestaj\/"]}]}},"_links":{"self":[{"href":"https:\/\/sigma-plus.hr\/index.php\/wp-json\/wp\/v2\/pages\/4750","targetHints":{"allow":["GET"]}}],"collection":[{"href":"https:\/\/sigma-plus.hr\/index.php\/wp-json\/wp\/v2\/pages"}],"about":[{"href":"https:\/\/sigma-plus.hr\/index.php\/wp-json\/wp\/v2\/types\/page"}],"author":[{"embeddable":true,"href":"https:\/\/sigma-plus.hr\/index.php\/wp-json\/wp\/v2\/users\/1"}],"replies":[{"embeddable":true,"href":"https:\/\/sigma-plus.hr\/index.php\/wp-json\/wp\/v2\/comments?post=4750"}],"version-history":[{"count":7,"href":"https:\/\/sigma-plus.hr\/index.php\/wp-json\/wp\/v2\/pages\/4750\/revisions"}],"predecessor-version":[{"id":4772,"href":"https:\/\/sigma-plus.hr\/index.php\/wp-json\/wp\/v2\/pages\/4750\/revisions\/4772"}],"wp:attachment":[{"href":"https:\/\/sigma-plus.hr\/index.php\/wp-json\/wp\/v2\/media?parent=4750"}],"curies":[{"name":"wp","href":"https:\/\/api.w.org\/{rel}","templated":true}]}}