{"id":5980,"date":"2022-02-11T15:37:32","date_gmt":"2022-02-11T14:37:32","guid":{"rendered":"https:\/\/sigma-plus.hr\/?page_id=5980"},"modified":"2023-05-26T08:30:18","modified_gmt":"2023-05-26T06:30:18","slug":"egger-laminati","status":"publish","type":"page","link":"https:\/\/sigma-plus.hr\/index.php\/egger-laminati\/","title":{"rendered":"EGGER \/ Laminati"},"content":{"rendered":"\n\n\n<h2 class=\"wp-block-heading\" id=\"laminati\">Laminati<\/h2>\n\n\n\n<figure class=\"wp-block-image size-full\"><img loading=\"lazy\" decoding=\"async\" width=\"790\" height=\"450\" src=\"https:\/\/sigma-plus.hr\/wp-content\/uploads\/2022\/02\/LaminatesAnwendung790x450.jpg\" alt=\"\" class=\"wp-image-6018\" srcset=\"https:\/\/sigma-plus.hr\/wp-content\/uploads\/2022\/02\/LaminatesAnwendung790x450.jpg 790w, https:\/\/sigma-plus.hr\/wp-content\/uploads\/2022\/02\/LaminatesAnwendung790x450-300x171.jpg 300w, https:\/\/sigma-plus.hr\/wp-content\/uploads\/2022\/02\/LaminatesAnwendung790x450-64x36.jpg 64w, https:\/\/sigma-plus.hr\/wp-content\/uploads\/2022\/02\/LaminatesAnwendung790x450-768x437.jpg 768w, https:\/\/sigma-plus.hr\/wp-content\/uploads\/2022\/02\/LaminatesAnwendung790x450-720x410.jpg 720w, https:\/\/sigma-plus.hr\/wp-content\/uploads\/2022\/02\/LaminatesAnwendung790x450-520x296.jpg 520w, https:\/\/sigma-plus.hr\/wp-content\/uploads\/2022\/02\/LaminatesAnwendung790x450-320x182.jpg 320w\" sizes=\"auto, (max-width: 790px) 100vw, 790px\" \/><\/figure>\n\n\n\n<div style=\"height:30px\" aria-hidden=\"true\" class=\"wp-block-spacer\"><\/div>\n\n\n\n<p>Laminati su dekorativni materijali za oblaganje. Izra\u0111eni su od jezgre od slojeva papira i dekorativnog papira impregniranog smolama. Slojevi papira pre\u0161aju se pod visokim pritiskom i pri visokoj temperaturi. Laminati se koriste kao pokrovni sloj razli\u010ditih temeljnih plo\u010da (npr. poput plo\u010da iverice, MDF, HDF Multiplex i druge nosive plo\u010de). EGGER Dekorativna kolekcija uklju\u010duje laminate prikladne za postformig, standardne laminate i sporogorive laminate.<\/p>\n\n\n\n<h3 class=\"wp-block-heading\" id=\"prednosti\"><br>Prednosti<\/h3>\n\n\n\n<ul class=\"wp-block-list\">\n<li>Otpornost na abraziju, udarce i ogrebotine<\/li>\n\n\n\n<li>Jednostavna i laka obrada<\/li>\n\n\n\n<li>Higijenski i sigurni za pripremu hrane<\/li>\n<\/ul>\n\n\n\n<p><\/p>\n","protected":false},"excerpt":{"rendered":"<p>Laminati Laminati su dekorativni materijali za oblaganje. Izra\u0111eni su od jezgre od slojeva papira i dekorativnog papira impregniranog smolama. Slojevi papira pre\u0161aju se pod visokim pritiskom i pri visokoj temperaturi. Laminati se koriste kao&#46;&#46;&#46;<\/p>\n","protected":false},"author":1,"featured_media":0,"parent":0,"menu_order":0,"comment_status":"closed","ping_status":"closed","template":"","meta":{"footnotes":""},"class_list":["post-5980","page","type-page","status-publish","hentry"],"yoast_head":"<!-- This site is optimized with the Yoast SEO plugin v27.4 - https:\/\/yoast.com\/product\/yoast-seo-wordpress\/ -->\n<title>EGGER \/ Laminati - SIGMA PLUS Sve za namje\u0161taj<\/title>\n<meta name=\"description\" content=\"Alu-style, Cleaf, Egger, Gamet, Grass, Hafele, Icas Kesseboehmer, Lehmann, Nehl, Raumplus, Schwinn, Vitris, Zobal\" \/>\n<meta name=\"robots\" content=\"index, follow, max-snippet:-1, max-image-preview:large, max-video-preview:-1\" \/>\n<link rel=\"canonical\" href=\"https:\/\/sigma-plus.hr\/index.php\/egger-laminati\/\" \/>\n<meta property=\"og:locale\" content=\"hr_HR\" \/>\n<meta property=\"og:type\" content=\"article\" \/>\n<meta property=\"og:title\" content=\"EGGER \/ Laminati - SIGMA PLUS Sve za namje\u0161taj\" \/>\n<meta property=\"og:description\" content=\"Alu-style, Cleaf, Egger, Gamet, Grass, Hafele, Icas Kesseboehmer, Lehmann, Nehl, Raumplus, Schwinn, Vitris, Zobal\" \/>\n<meta property=\"og:url\" content=\"https:\/\/sigma-plus.hr\/index.php\/egger-laminati\/\" \/>\n<meta property=\"og:site_name\" content=\"SIGMA PLUS\" \/>\n<meta property=\"article:publisher\" content=\"https:\/\/www.facebook.com\/SigmaPlusNamjestaj\/\" \/>\n<meta property=\"article:modified_time\" content=\"2023-05-26T06:30:18+00:00\" \/>\n<meta property=\"og:image\" content=\"https:\/\/sigma-plus.hr\/wp-content\/uploads\/2022\/02\/LaminatesAnwendung790x450.jpg\" \/>\n<meta name=\"twitter:card\" content=\"summary_large_image\" \/>\n<meta name=\"twitter:label1\" content=\"Procijenjeno vrijeme \u010ditanja\" \/>\n\t<meta name=\"twitter:data1\" content=\"1 minuta\" \/>\n<script type=\"application\/ld+json\" class=\"yoast-schema-graph\">{\"@context\":\"https:\\\/\\\/schema.org\",\"@graph\":[{\"@type\":\"WebPage\",\"@id\":\"https:\\\/\\\/sigma-plus.hr\\\/index.php\\\/egger-laminati\\\/\",\"url\":\"https:\\\/\\\/sigma-plus.hr\\\/index.php\\\/egger-laminati\\\/\",\"name\":\"EGGER \\\/ Laminati - SIGMA PLUS Sve za namje\u0161taj\",\"isPartOf\":{\"@id\":\"https:\\\/\\\/sigma-plus.hr\\\/#website\"},\"primaryImageOfPage\":{\"@id\":\"https:\\\/\\\/sigma-plus.hr\\\/index.php\\\/egger-laminati\\\/#primaryimage\"},\"image\":{\"@id\":\"https:\\\/\\\/sigma-plus.hr\\\/index.php\\\/egger-laminati\\\/#primaryimage\"},\"thumbnailUrl\":\"https:\\\/\\\/sigma-plus.hr\\\/wp-content\\\/uploads\\\/2022\\\/02\\\/LaminatesAnwendung790x450.jpg\",\"datePublished\":\"2022-02-11T14:37:32+00:00\",\"dateModified\":\"2023-05-26T06:30:18+00:00\",\"description\":\"Alu-style, Cleaf, Egger, Gamet, Grass, Hafele, Icas Kesseboehmer, Lehmann, Nehl, Raumplus, Schwinn, Vitris, Zobal\",\"breadcrumb\":{\"@id\":\"https:\\\/\\\/sigma-plus.hr\\\/index.php\\\/egger-laminati\\\/#breadcrumb\"},\"inLanguage\":\"hr\",\"potentialAction\":[{\"@type\":\"ReadAction\",\"target\":[\"https:\\\/\\\/sigma-plus.hr\\\/index.php\\\/egger-laminati\\\/\"]}]},{\"@type\":\"ImageObject\",\"inLanguage\":\"hr\",\"@id\":\"https:\\\/\\\/sigma-plus.hr\\\/index.php\\\/egger-laminati\\\/#primaryimage\",\"url\":\"https:\\\/\\\/sigma-plus.hr\\\/wp-content\\\/uploads\\\/2022\\\/02\\\/LaminatesAnwendung790x450.jpg\",\"contentUrl\":\"https:\\\/\\\/sigma-plus.hr\\\/wp-content\\\/uploads\\\/2022\\\/02\\\/LaminatesAnwendung790x450.jpg\",\"width\":790,\"height\":450},{\"@type\":\"BreadcrumbList\",\"@id\":\"https:\\\/\\\/sigma-plus.hr\\\/index.php\\\/egger-laminati\\\/#breadcrumb\",\"itemListElement\":[{\"@type\":\"ListItem\",\"position\":1,\"name\":\"Po\u010detna stranica\",\"item\":\"https:\\\/\\\/sigma-plus.hr\\\/\"},{\"@type\":\"ListItem\",\"position\":2,\"name\":\"EGGER \\\/ Laminati\"}]},{\"@type\":\"WebSite\",\"@id\":\"https:\\\/\\\/sigma-plus.hr\\\/#website\",\"url\":\"https:\\\/\\\/sigma-plus.hr\\\/\",\"name\":\"SIGMA PLUS\",\"description\":\"DIZAJN \\\/ FUNKCIONALNOST \\\/ KVALITETA\",\"publisher\":{\"@id\":\"https:\\\/\\\/sigma-plus.hr\\\/#organization\"},\"potentialAction\":[{\"@type\":\"SearchAction\",\"target\":{\"@type\":\"EntryPoint\",\"urlTemplate\":\"https:\\\/\\\/sigma-plus.hr\\\/?s={search_term_string}\"},\"query-input\":{\"@type\":\"PropertyValueSpecification\",\"valueRequired\":true,\"valueName\":\"search_term_string\"}}],\"inLanguage\":\"hr\"},{\"@type\":\"Organization\",\"@id\":\"https:\\\/\\\/sigma-plus.hr\\\/#organization\",\"name\":\"Sigma plus d.o.o.\",\"url\":\"https:\\\/\\\/sigma-plus.hr\\\/\",\"logo\":{\"@type\":\"ImageObject\",\"inLanguage\":\"hr\",\"@id\":\"https:\\\/\\\/sigma-plus.hr\\\/#\\\/schema\\\/logo\\\/image\\\/\",\"url\":\"https:\\\/\\\/sigma-plus.hr\\\/wp-content\\\/uploads\\\/2018\\\/10\\\/sigma-plus_logo1.png\",\"contentUrl\":\"https:\\\/\\\/sigma-plus.hr\\\/wp-content\\\/uploads\\\/2018\\\/10\\\/sigma-plus_logo1.png\",\"width\":394,\"height\":91,\"caption\":\"Sigma plus d.o.o.\"},\"image\":{\"@id\":\"https:\\\/\\\/sigma-plus.hr\\\/#\\\/schema\\\/logo\\\/image\\\/\"},\"sameAs\":[\"https:\\\/\\\/www.facebook.com\\\/SigmaPlusNamjestaj\\\/\"]}]}<\/script>\n<!-- \/ Yoast SEO plugin. -->","yoast_head_json":{"title":"EGGER \/ Laminati - SIGMA PLUS Sve za namje\u0161taj","description":"Alu-style, Cleaf, Egger, Gamet, Grass, Hafele, Icas Kesseboehmer, Lehmann, Nehl, Raumplus, Schwinn, Vitris, Zobal","robots":{"index":"index","follow":"follow","max-snippet":"max-snippet:-1","max-image-preview":"max-image-preview:large","max-video-preview":"max-video-preview:-1"},"canonical":"https:\/\/sigma-plus.hr\/index.php\/egger-laminati\/","og_locale":"hr_HR","og_type":"article","og_title":"EGGER \/ Laminati - SIGMA PLUS Sve za namje\u0161taj","og_description":"Alu-style, Cleaf, Egger, Gamet, Grass, Hafele, Icas Kesseboehmer, Lehmann, Nehl, Raumplus, Schwinn, Vitris, Zobal","og_url":"https:\/\/sigma-plus.hr\/index.php\/egger-laminati\/","og_site_name":"SIGMA PLUS","article_publisher":"https:\/\/www.facebook.com\/SigmaPlusNamjestaj\/","article_modified_time":"2023-05-26T06:30:18+00:00","og_image":[{"url":"https:\/\/sigma-plus.hr\/wp-content\/uploads\/2022\/02\/LaminatesAnwendung790x450.jpg","type":"","width":"","height":""}],"twitter_card":"summary_large_image","twitter_misc":{"Procijenjeno vrijeme \u010ditanja":"1 minuta"},"schema":{"@context":"https:\/\/schema.org","@graph":[{"@type":"WebPage","@id":"https:\/\/sigma-plus.hr\/index.php\/egger-laminati\/","url":"https:\/\/sigma-plus.hr\/index.php\/egger-laminati\/","name":"EGGER \/ Laminati - SIGMA PLUS Sve za namje\u0161taj","isPartOf":{"@id":"https:\/\/sigma-plus.hr\/#website"},"primaryImageOfPage":{"@id":"https:\/\/sigma-plus.hr\/index.php\/egger-laminati\/#primaryimage"},"image":{"@id":"https:\/\/sigma-plus.hr\/index.php\/egger-laminati\/#primaryimage"},"thumbnailUrl":"https:\/\/sigma-plus.hr\/wp-content\/uploads\/2022\/02\/LaminatesAnwendung790x450.jpg","datePublished":"2022-02-11T14:37:32+00:00","dateModified":"2023-05-26T06:30:18+00:00","description":"Alu-style, Cleaf, Egger, Gamet, Grass, Hafele, Icas Kesseboehmer, Lehmann, Nehl, Raumplus, Schwinn, Vitris, Zobal","breadcrumb":{"@id":"https:\/\/sigma-plus.hr\/index.php\/egger-laminati\/#breadcrumb"},"inLanguage":"hr","potentialAction":[{"@type":"ReadAction","target":["https:\/\/sigma-plus.hr\/index.php\/egger-laminati\/"]}]},{"@type":"ImageObject","inLanguage":"hr","@id":"https:\/\/sigma-plus.hr\/index.php\/egger-laminati\/#primaryimage","url":"https:\/\/sigma-plus.hr\/wp-content\/uploads\/2022\/02\/LaminatesAnwendung790x450.jpg","contentUrl":"https:\/\/sigma-plus.hr\/wp-content\/uploads\/2022\/02\/LaminatesAnwendung790x450.jpg","width":790,"height":450},{"@type":"BreadcrumbList","@id":"https:\/\/sigma-plus.hr\/index.php\/egger-laminati\/#breadcrumb","itemListElement":[{"@type":"ListItem","position":1,"name":"Po\u010detna stranica","item":"https:\/\/sigma-plus.hr\/"},{"@type":"ListItem","position":2,"name":"EGGER \/ Laminati"}]},{"@type":"WebSite","@id":"https:\/\/sigma-plus.hr\/#website","url":"https:\/\/sigma-plus.hr\/","name":"SIGMA PLUS","description":"DIZAJN \/ FUNKCIONALNOST \/ KVALITETA","publisher":{"@id":"https:\/\/sigma-plus.hr\/#organization"},"potentialAction":[{"@type":"SearchAction","target":{"@type":"EntryPoint","urlTemplate":"https:\/\/sigma-plus.hr\/?s={search_term_string}"},"query-input":{"@type":"PropertyValueSpecification","valueRequired":true,"valueName":"search_term_string"}}],"inLanguage":"hr"},{"@type":"Organization","@id":"https:\/\/sigma-plus.hr\/#organization","name":"Sigma plus d.o.o.","url":"https:\/\/sigma-plus.hr\/","logo":{"@type":"ImageObject","inLanguage":"hr","@id":"https:\/\/sigma-plus.hr\/#\/schema\/logo\/image\/","url":"https:\/\/sigma-plus.hr\/wp-content\/uploads\/2018\/10\/sigma-plus_logo1.png","contentUrl":"https:\/\/sigma-plus.hr\/wp-content\/uploads\/2018\/10\/sigma-plus_logo1.png","width":394,"height":91,"caption":"Sigma plus d.o.o."},"image":{"@id":"https:\/\/sigma-plus.hr\/#\/schema\/logo\/image\/"},"sameAs":["https:\/\/www.facebook.com\/SigmaPlusNamjestaj\/"]}]}},"_links":{"self":[{"href":"https:\/\/sigma-plus.hr\/index.php\/wp-json\/wp\/v2\/pages\/5980","targetHints":{"allow":["GET"]}}],"collection":[{"href":"https:\/\/sigma-plus.hr\/index.php\/wp-json\/wp\/v2\/pages"}],"about":[{"href":"https:\/\/sigma-plus.hr\/index.php\/wp-json\/wp\/v2\/types\/page"}],"author":[{"embeddable":true,"href":"https:\/\/sigma-plus.hr\/index.php\/wp-json\/wp\/v2\/users\/1"}],"replies":[{"embeddable":true,"href":"https:\/\/sigma-plus.hr\/index.php\/wp-json\/wp\/v2\/comments?post=5980"}],"version-history":[{"count":3,"href":"https:\/\/sigma-plus.hr\/index.php\/wp-json\/wp\/v2\/pages\/5980\/revisions"}],"predecessor-version":[{"id":6505,"href":"https:\/\/sigma-plus.hr\/index.php\/wp-json\/wp\/v2\/pages\/5980\/revisions\/6505"}],"wp:attachment":[{"href":"https:\/\/sigma-plus.hr\/index.php\/wp-json\/wp\/v2\/media?parent=5980"}],"curies":[{"name":"wp","href":"https:\/\/api.w.org\/{rel}","templated":true}]}}