{"id":4026,"date":"2020-04-27T12:32:01","date_gmt":"2020-04-27T10:32:01","guid":{"rendered":"https:\/\/sigma-plus.hr\/?post_type=product&#038;p=4026"},"modified":"2020-04-27T12:32:01","modified_gmt":"2020-04-27T10:32:01","slug":"h3154-st36","status":"publish","type":"product","link":"https:\/\/sigma-plus.hr\/index.php\/proizvod\/h3154-st36\/","title":{"rendered":"H3154 ST36"},"content":{"rendered":"<p>Charleston hrast tamno sme\u0111i<\/p>\n","protected":false},"excerpt":{"rendered":"<p>Charleston hrast tamno sme\u0111i<\/p>\n","protected":false},"featured_media":3769,"template":"","meta":[],"product_brand":[],"product_cat":[80],"product_tag":[],"class_list":{"0":"post-4026","1":"product","2":"type-product","3":"status-publish","4":"has-post-thumbnail","6":"product_cat-egger-eurodekor","8":"first","9":"instock","10":"shipping-taxable","11":"product-type-simple"},"yoast_head":"<!-- This site is optimized with the Yoast SEO plugin v27.4 - https:\/\/yoast.com\/product\/yoast-seo-wordpress\/ -->\n<title>H3154 ST36 - SIGMA PLUS<\/title>\n<meta name=\"description\" content=\"namje\u0161taj, opremanje, ljekarne, apoteke, plo\u010dasti materijali, iveral, iverica, radne plo\u010de, abs rubna traka, sustavi za ladice, spojnice, \u0161arniri, okov za naje\u0161taj, ukrasni okov, ugradbeni ormari, pregradne stjene, klizni sustavi\" \/>\n<meta name=\"robots\" content=\"index, follow, max-snippet:-1, max-image-preview:large, max-video-preview:-1\" \/>\n<link rel=\"canonical\" href=\"https:\/\/sigma-plus.hr\/index.php\/proizvod\/h3154-st36\/\" \/>\n<meta property=\"og:locale\" content=\"hr_HR\" \/>\n<meta property=\"og:type\" content=\"article\" \/>\n<meta property=\"og:title\" content=\"H3154 ST36 - SIGMA PLUS\" \/>\n<meta property=\"og:description\" content=\"namje\u0161taj, opremanje, ljekarne, apoteke, plo\u010dasti materijali, iveral, iverica, radne plo\u010de, abs rubna traka, sustavi za ladice, spojnice, \u0161arniri, okov za naje\u0161taj, ukrasni okov, ugradbeni ormari, pregradne stjene, klizni sustavi\" \/>\n<meta property=\"og:url\" content=\"https:\/\/sigma-plus.hr\/index.php\/proizvod\/h3154-st36\/\" \/>\n<meta property=\"og:site_name\" content=\"SIGMA PLUS\" \/>\n<meta property=\"article:publisher\" content=\"https:\/\/www.facebook.com\/SigmaPlusNamjestaj\/\" \/>\n<meta property=\"og:image\" content=\"https:\/\/sigma-plus.hr\/wp-content\/uploads\/2020\/04\/H3154-ST36.jpg\" \/>\n\t<meta property=\"og:image:width\" content=\"1700\" \/>\n\t<meta property=\"og:image:height\" content=\"2551\" \/>\n\t<meta property=\"og:image:type\" content=\"image\/jpeg\" \/>\n<meta name=\"twitter:card\" content=\"summary_large_image\" \/>\n<script type=\"application\/ld+json\" class=\"yoast-schema-graph\">{\"@context\":\"https:\\\/\\\/schema.org\",\"@graph\":[{\"@type\":\"WebPage\",\"@id\":\"https:\\\/\\\/sigma-plus.hr\\\/index.php\\\/proizvod\\\/h3154-st36\\\/\",\"url\":\"https:\\\/\\\/sigma-plus.hr\\\/index.php\\\/proizvod\\\/h3154-st36\\\/\",\"name\":\"H3154 ST36 - SIGMA PLUS\",\"isPartOf\":{\"@id\":\"https:\\\/\\\/sigma-plus.hr\\\/#website\"},\"primaryImageOfPage\":{\"@id\":\"https:\\\/\\\/sigma-plus.hr\\\/index.php\\\/proizvod\\\/h3154-st36\\\/#primaryimage\"},\"image\":{\"@id\":\"https:\\\/\\\/sigma-plus.hr\\\/index.php\\\/proizvod\\\/h3154-st36\\\/#primaryimage\"},\"thumbnailUrl\":\"https:\\\/\\\/sigma-plus.hr\\\/wp-content\\\/uploads\\\/2020\\\/04\\\/H3154-ST36.jpg\",\"datePublished\":\"2020-04-27T10:32:01+00:00\",\"description\":\"namje\u0161taj, opremanje, ljekarne, apoteke, plo\u010dasti materijali, iveral, iverica, radne plo\u010de, abs rubna traka, sustavi za ladice, spojnice, \u0161arniri, okov za naje\u0161taj, ukrasni okov, ugradbeni ormari, pregradne stjene, klizni sustavi\",\"breadcrumb\":{\"@id\":\"https:\\\/\\\/sigma-plus.hr\\\/index.php\\\/proizvod\\\/h3154-st36\\\/#breadcrumb\"},\"inLanguage\":\"hr\",\"potentialAction\":[{\"@type\":\"ReadAction\",\"target\":[\"https:\\\/\\\/sigma-plus.hr\\\/index.php\\\/proizvod\\\/h3154-st36\\\/\"]}]},{\"@type\":\"ImageObject\",\"inLanguage\":\"hr\",\"@id\":\"https:\\\/\\\/sigma-plus.hr\\\/index.php\\\/proizvod\\\/h3154-st36\\\/#primaryimage\",\"url\":\"https:\\\/\\\/sigma-plus.hr\\\/wp-content\\\/uploads\\\/2020\\\/04\\\/H3154-ST36.jpg\",\"contentUrl\":\"https:\\\/\\\/sigma-plus.hr\\\/wp-content\\\/uploads\\\/2020\\\/04\\\/H3154-ST36.jpg\",\"width\":1700,\"height\":2551},{\"@type\":\"BreadcrumbList\",\"@id\":\"https:\\\/\\\/sigma-plus.hr\\\/index.php\\\/proizvod\\\/h3154-st36\\\/#breadcrumb\",\"itemListElement\":[{\"@type\":\"ListItem\",\"position\":1,\"name\":\"Po\u010detna stranica\",\"item\":\"https:\\\/\\\/sigma-plus.hr\\\/\"},{\"@type\":\"ListItem\",\"position\":2,\"name\":\"DEKORI\",\"item\":\"https:\\\/\\\/sigma-plus.hr\\\/index.php\\\/dekori-2\\\/\"},{\"@type\":\"ListItem\",\"position\":3,\"name\":\"H3154 ST36\"}]},{\"@type\":\"WebSite\",\"@id\":\"https:\\\/\\\/sigma-plus.hr\\\/#website\",\"url\":\"https:\\\/\\\/sigma-plus.hr\\\/\",\"name\":\"SIGMA PLUS\",\"description\":\"DIZAJN \\\/ FUNKCIONALNOST \\\/ KVALITETA\",\"publisher\":{\"@id\":\"https:\\\/\\\/sigma-plus.hr\\\/#organization\"},\"potentialAction\":[{\"@type\":\"SearchAction\",\"target\":{\"@type\":\"EntryPoint\",\"urlTemplate\":\"https:\\\/\\\/sigma-plus.hr\\\/?s={search_term_string}\"},\"query-input\":{\"@type\":\"PropertyValueSpecification\",\"valueRequired\":true,\"valueName\":\"search_term_string\"}}],\"inLanguage\":\"hr\"},{\"@type\":\"Organization\",\"@id\":\"https:\\\/\\\/sigma-plus.hr\\\/#organization\",\"name\":\"Sigma plus d.o.o.\",\"url\":\"https:\\\/\\\/sigma-plus.hr\\\/\",\"logo\":{\"@type\":\"ImageObject\",\"inLanguage\":\"hr\",\"@id\":\"https:\\\/\\\/sigma-plus.hr\\\/#\\\/schema\\\/logo\\\/image\\\/\",\"url\":\"https:\\\/\\\/sigma-plus.hr\\\/wp-content\\\/uploads\\\/2018\\\/10\\\/sigma-plus_logo1.png\",\"contentUrl\":\"https:\\\/\\\/sigma-plus.hr\\\/wp-content\\\/uploads\\\/2018\\\/10\\\/sigma-plus_logo1.png\",\"width\":394,\"height\":91,\"caption\":\"Sigma plus d.o.o.\"},\"image\":{\"@id\":\"https:\\\/\\\/sigma-plus.hr\\\/#\\\/schema\\\/logo\\\/image\\\/\"},\"sameAs\":[\"https:\\\/\\\/www.facebook.com\\\/SigmaPlusNamjestaj\\\/\"]}]}<\/script>\n<!-- \/ Yoast SEO plugin. -->","yoast_head_json":{"title":"H3154 ST36 - SIGMA PLUS","description":"namje\u0161taj, opremanje, ljekarne, apoteke, plo\u010dasti materijali, iveral, iverica, radne plo\u010de, abs rubna traka, sustavi za ladice, spojnice, \u0161arniri, okov za naje\u0161taj, ukrasni okov, ugradbeni ormari, pregradne stjene, klizni sustavi","robots":{"index":"index","follow":"follow","max-snippet":"max-snippet:-1","max-image-preview":"max-image-preview:large","max-video-preview":"max-video-preview:-1"},"canonical":"https:\/\/sigma-plus.hr\/index.php\/proizvod\/h3154-st36\/","og_locale":"hr_HR","og_type":"article","og_title":"H3154 ST36 - SIGMA PLUS","og_description":"namje\u0161taj, opremanje, ljekarne, apoteke, plo\u010dasti materijali, iveral, iverica, radne plo\u010de, abs rubna traka, sustavi za ladice, spojnice, \u0161arniri, okov za naje\u0161taj, ukrasni okov, ugradbeni ormari, pregradne stjene, klizni sustavi","og_url":"https:\/\/sigma-plus.hr\/index.php\/proizvod\/h3154-st36\/","og_site_name":"SIGMA PLUS","article_publisher":"https:\/\/www.facebook.com\/SigmaPlusNamjestaj\/","og_image":[{"width":1700,"height":2551,"url":"https:\/\/sigma-plus.hr\/wp-content\/uploads\/2020\/04\/H3154-ST36.jpg","type":"image\/jpeg"}],"twitter_card":"summary_large_image","schema":{"@context":"https:\/\/schema.org","@graph":[{"@type":"WebPage","@id":"https:\/\/sigma-plus.hr\/index.php\/proizvod\/h3154-st36\/","url":"https:\/\/sigma-plus.hr\/index.php\/proizvod\/h3154-st36\/","name":"H3154 ST36 - SIGMA PLUS","isPartOf":{"@id":"https:\/\/sigma-plus.hr\/#website"},"primaryImageOfPage":{"@id":"https:\/\/sigma-plus.hr\/index.php\/proizvod\/h3154-st36\/#primaryimage"},"image":{"@id":"https:\/\/sigma-plus.hr\/index.php\/proizvod\/h3154-st36\/#primaryimage"},"thumbnailUrl":"https:\/\/sigma-plus.hr\/wp-content\/uploads\/2020\/04\/H3154-ST36.jpg","datePublished":"2020-04-27T10:32:01+00:00","description":"namje\u0161taj, opremanje, ljekarne, apoteke, plo\u010dasti materijali, iveral, iverica, radne plo\u010de, abs rubna traka, sustavi za ladice, spojnice, \u0161arniri, okov za naje\u0161taj, ukrasni okov, ugradbeni ormari, pregradne stjene, klizni sustavi","breadcrumb":{"@id":"https:\/\/sigma-plus.hr\/index.php\/proizvod\/h3154-st36\/#breadcrumb"},"inLanguage":"hr","potentialAction":[{"@type":"ReadAction","target":["https:\/\/sigma-plus.hr\/index.php\/proizvod\/h3154-st36\/"]}]},{"@type":"ImageObject","inLanguage":"hr","@id":"https:\/\/sigma-plus.hr\/index.php\/proizvod\/h3154-st36\/#primaryimage","url":"https:\/\/sigma-plus.hr\/wp-content\/uploads\/2020\/04\/H3154-ST36.jpg","contentUrl":"https:\/\/sigma-plus.hr\/wp-content\/uploads\/2020\/04\/H3154-ST36.jpg","width":1700,"height":2551},{"@type":"BreadcrumbList","@id":"https:\/\/sigma-plus.hr\/index.php\/proizvod\/h3154-st36\/#breadcrumb","itemListElement":[{"@type":"ListItem","position":1,"name":"Po\u010detna stranica","item":"https:\/\/sigma-plus.hr\/"},{"@type":"ListItem","position":2,"name":"DEKORI","item":"https:\/\/sigma-plus.hr\/index.php\/dekori-2\/"},{"@type":"ListItem","position":3,"name":"H3154 ST36"}]},{"@type":"WebSite","@id":"https:\/\/sigma-plus.hr\/#website","url":"https:\/\/sigma-plus.hr\/","name":"SIGMA PLUS","description":"DIZAJN \/ FUNKCIONALNOST \/ KVALITETA","publisher":{"@id":"https:\/\/sigma-plus.hr\/#organization"},"potentialAction":[{"@type":"SearchAction","target":{"@type":"EntryPoint","urlTemplate":"https:\/\/sigma-plus.hr\/?s={search_term_string}"},"query-input":{"@type":"PropertyValueSpecification","valueRequired":true,"valueName":"search_term_string"}}],"inLanguage":"hr"},{"@type":"Organization","@id":"https:\/\/sigma-plus.hr\/#organization","name":"Sigma plus d.o.o.","url":"https:\/\/sigma-plus.hr\/","logo":{"@type":"ImageObject","inLanguage":"hr","@id":"https:\/\/sigma-plus.hr\/#\/schema\/logo\/image\/","url":"https:\/\/sigma-plus.hr\/wp-content\/uploads\/2018\/10\/sigma-plus_logo1.png","contentUrl":"https:\/\/sigma-plus.hr\/wp-content\/uploads\/2018\/10\/sigma-plus_logo1.png","width":394,"height":91,"caption":"Sigma plus d.o.o."},"image":{"@id":"https:\/\/sigma-plus.hr\/#\/schema\/logo\/image\/"},"sameAs":["https:\/\/www.facebook.com\/SigmaPlusNamjestaj\/"]}]}},"_links":{"self":[{"href":"https:\/\/sigma-plus.hr\/index.php\/wp-json\/wp\/v2\/product\/4026","targetHints":{"allow":["GET"]}}],"collection":[{"href":"https:\/\/sigma-plus.hr\/index.php\/wp-json\/wp\/v2\/product"}],"about":[{"href":"https:\/\/sigma-plus.hr\/index.php\/wp-json\/wp\/v2\/types\/product"}],"wp:featuredmedia":[{"embeddable":true,"href":"https:\/\/sigma-plus.hr\/index.php\/wp-json\/wp\/v2\/media\/3769"}],"wp:attachment":[{"href":"https:\/\/sigma-plus.hr\/index.php\/wp-json\/wp\/v2\/media?parent=4026"}],"wp:term":[{"taxonomy":"product_brand","embeddable":true,"href":"https:\/\/sigma-plus.hr\/index.php\/wp-json\/wp\/v2\/product_brand?post=4026"},{"taxonomy":"product_cat","embeddable":true,"href":"https:\/\/sigma-plus.hr\/index.php\/wp-json\/wp\/v2\/product_cat?post=4026"},{"taxonomy":"product_tag","embeddable":true,"href":"https:\/\/sigma-plus.hr\/index.php\/wp-json\/wp\/v2\/product_tag?post=4026"}],"curies":[{"name":"wp","href":"https:\/\/api.w.org\/{rel}","templated":true}]}}