{"id":4295,"date":"2020-05-06T14:20:59","date_gmt":"2020-05-06T12:20:59","guid":{"rendered":"https:\/\/sigma-plus.hr\/?post_type=product&#038;p=4295"},"modified":"2024-02-27T08:59:24","modified_gmt":"2024-02-27T07:59:24","slug":"f011-st9","status":"publish","type":"product","link":"https:\/\/sigma-plus.hr\/index.php\/proizvod\/f011-st9\/","title":{"rendered":"F011 ST9"},"content":{"rendered":"<p>Magma granit sivi<\/p>\n","protected":false},"excerpt":{"rendered":"<p>Magma granit sivi<\/p>\n","protected":false},"featured_media":4278,"template":"","meta":[],"product_brand":[],"product_cat":[109],"product_tag":[],"class_list":{"0":"post-4295","1":"product","2":"type-product","3":"status-publish","4":"has-post-thumbnail","6":"product_cat-egger-izlazne-radne-ploce","8":"first","9":"instock","10":"shipping-taxable","11":"product-type-simple"},"yoast_head":"<!-- This site is optimized with the Yoast SEO plugin v27.4 - https:\/\/yoast.com\/product\/yoast-seo-wordpress\/ -->\n<title>F011 ST9 - SIGMA PLUS<\/title>\n<meta name=\"description\" content=\"namje\u0161taj, opremanje, ljekarne, apoteke, plo\u010dasti materijali, iveral, iverica, radne plo\u010de, abs rubna traka, sustavi za ladice, spojnice, \u0161arniri, okov za naje\u0161taj, ukrasni okov, ugradbeni ormari, pregradne stjene, klizni sustavi\" \/>\n<meta name=\"robots\" content=\"index, follow, max-snippet:-1, max-image-preview:large, max-video-preview:-1\" \/>\n<link rel=\"canonical\" href=\"https:\/\/sigma-plus.hr\/index.php\/proizvod\/f011-st9\/\" \/>\n<meta property=\"og:locale\" content=\"hr_HR\" \/>\n<meta property=\"og:type\" content=\"article\" \/>\n<meta property=\"og:title\" content=\"F011 ST9 - SIGMA PLUS\" \/>\n<meta property=\"og:description\" content=\"namje\u0161taj, opremanje, ljekarne, apoteke, plo\u010dasti materijali, iveral, iverica, radne plo\u010de, abs rubna traka, sustavi za ladice, spojnice, \u0161arniri, okov za naje\u0161taj, ukrasni okov, ugradbeni ormari, pregradne stjene, klizni sustavi\" \/>\n<meta property=\"og:url\" content=\"https:\/\/sigma-plus.hr\/index.php\/proizvod\/f011-st9\/\" \/>\n<meta property=\"og:site_name\" content=\"SIGMA PLUS\" \/>\n<meta property=\"article:publisher\" content=\"https:\/\/www.facebook.com\/SigmaPlusNamjestaj\/\" \/>\n<meta property=\"article:modified_time\" content=\"2024-02-27T07:59:24+00:00\" \/>\n<meta property=\"og:image\" content=\"https:\/\/sigma-plus.hr\/wp-content\/uploads\/2020\/05\/F011-ST9-682x1024.jpg\" \/>\n\t<meta property=\"og:image:width\" content=\"682\" \/>\n\t<meta property=\"og:image:height\" content=\"1024\" \/>\n\t<meta property=\"og:image:type\" content=\"image\/jpeg\" \/>\n<meta name=\"twitter:card\" content=\"summary_large_image\" \/>\n<script type=\"application\/ld+json\" class=\"yoast-schema-graph\">{\"@context\":\"https:\\\/\\\/schema.org\",\"@graph\":[{\"@type\":\"WebPage\",\"@id\":\"https:\\\/\\\/sigma-plus.hr\\\/index.php\\\/proizvod\\\/f011-st9\\\/\",\"url\":\"https:\\\/\\\/sigma-plus.hr\\\/index.php\\\/proizvod\\\/f011-st9\\\/\",\"name\":\"F011 ST9 - SIGMA PLUS\",\"isPartOf\":{\"@id\":\"https:\\\/\\\/sigma-plus.hr\\\/#website\"},\"primaryImageOfPage\":{\"@id\":\"https:\\\/\\\/sigma-plus.hr\\\/index.php\\\/proizvod\\\/f011-st9\\\/#primaryimage\"},\"image\":{\"@id\":\"https:\\\/\\\/sigma-plus.hr\\\/index.php\\\/proizvod\\\/f011-st9\\\/#primaryimage\"},\"thumbnailUrl\":\"https:\\\/\\\/sigma-plus.hr\\\/wp-content\\\/uploads\\\/2020\\\/05\\\/F011-ST9.jpg\",\"datePublished\":\"2020-05-06T12:20:59+00:00\",\"dateModified\":\"2024-02-27T07:59:24+00:00\",\"description\":\"namje\u0161taj, opremanje, ljekarne, apoteke, plo\u010dasti materijali, iveral, iverica, radne plo\u010de, abs rubna traka, sustavi za ladice, spojnice, \u0161arniri, okov za naje\u0161taj, ukrasni okov, ugradbeni ormari, pregradne stjene, klizni sustavi\",\"breadcrumb\":{\"@id\":\"https:\\\/\\\/sigma-plus.hr\\\/index.php\\\/proizvod\\\/f011-st9\\\/#breadcrumb\"},\"inLanguage\":\"hr\",\"potentialAction\":[{\"@type\":\"ReadAction\",\"target\":[\"https:\\\/\\\/sigma-plus.hr\\\/index.php\\\/proizvod\\\/f011-st9\\\/\"]}]},{\"@type\":\"ImageObject\",\"inLanguage\":\"hr\",\"@id\":\"https:\\\/\\\/sigma-plus.hr\\\/index.php\\\/proizvod\\\/f011-st9\\\/#primaryimage\",\"url\":\"https:\\\/\\\/sigma-plus.hr\\\/wp-content\\\/uploads\\\/2020\\\/05\\\/F011-ST9.jpg\",\"contentUrl\":\"https:\\\/\\\/sigma-plus.hr\\\/wp-content\\\/uploads\\\/2020\\\/05\\\/F011-ST9.jpg\",\"width\":1700,\"height\":2551},{\"@type\":\"BreadcrumbList\",\"@id\":\"https:\\\/\\\/sigma-plus.hr\\\/index.php\\\/proizvod\\\/f011-st9\\\/#breadcrumb\",\"itemListElement\":[{\"@type\":\"ListItem\",\"position\":1,\"name\":\"Po\u010detna stranica\",\"item\":\"https:\\\/\\\/sigma-plus.hr\\\/\"},{\"@type\":\"ListItem\",\"position\":2,\"name\":\"DEKORI\",\"item\":\"https:\\\/\\\/sigma-plus.hr\\\/index.php\\\/dekori-2\\\/\"},{\"@type\":\"ListItem\",\"position\":3,\"name\":\"F011 ST9\"}]},{\"@type\":\"WebSite\",\"@id\":\"https:\\\/\\\/sigma-plus.hr\\\/#website\",\"url\":\"https:\\\/\\\/sigma-plus.hr\\\/\",\"name\":\"SIGMA PLUS\",\"description\":\"DIZAJN \\\/ FUNKCIONALNOST \\\/ KVALITETA\",\"publisher\":{\"@id\":\"https:\\\/\\\/sigma-plus.hr\\\/#organization\"},\"potentialAction\":[{\"@type\":\"SearchAction\",\"target\":{\"@type\":\"EntryPoint\",\"urlTemplate\":\"https:\\\/\\\/sigma-plus.hr\\\/?s={search_term_string}\"},\"query-input\":{\"@type\":\"PropertyValueSpecification\",\"valueRequired\":true,\"valueName\":\"search_term_string\"}}],\"inLanguage\":\"hr\"},{\"@type\":\"Organization\",\"@id\":\"https:\\\/\\\/sigma-plus.hr\\\/#organization\",\"name\":\"Sigma plus d.o.o.\",\"url\":\"https:\\\/\\\/sigma-plus.hr\\\/\",\"logo\":{\"@type\":\"ImageObject\",\"inLanguage\":\"hr\",\"@id\":\"https:\\\/\\\/sigma-plus.hr\\\/#\\\/schema\\\/logo\\\/image\\\/\",\"url\":\"https:\\\/\\\/sigma-plus.hr\\\/wp-content\\\/uploads\\\/2018\\\/10\\\/sigma-plus_logo1.png\",\"contentUrl\":\"https:\\\/\\\/sigma-plus.hr\\\/wp-content\\\/uploads\\\/2018\\\/10\\\/sigma-plus_logo1.png\",\"width\":394,\"height\":91,\"caption\":\"Sigma plus d.o.o.\"},\"image\":{\"@id\":\"https:\\\/\\\/sigma-plus.hr\\\/#\\\/schema\\\/logo\\\/image\\\/\"},\"sameAs\":[\"https:\\\/\\\/www.facebook.com\\\/SigmaPlusNamjestaj\\\/\"]}]}<\/script>\n<!-- \/ Yoast SEO plugin. -->","yoast_head_json":{"title":"F011 ST9 - SIGMA PLUS","description":"namje\u0161taj, opremanje, ljekarne, apoteke, plo\u010dasti materijali, iveral, iverica, radne plo\u010de, abs rubna traka, sustavi za ladice, spojnice, \u0161arniri, okov za naje\u0161taj, ukrasni okov, ugradbeni ormari, pregradne stjene, klizni sustavi","robots":{"index":"index","follow":"follow","max-snippet":"max-snippet:-1","max-image-preview":"max-image-preview:large","max-video-preview":"max-video-preview:-1"},"canonical":"https:\/\/sigma-plus.hr\/index.php\/proizvod\/f011-st9\/","og_locale":"hr_HR","og_type":"article","og_title":"F011 ST9 - SIGMA PLUS","og_description":"namje\u0161taj, opremanje, ljekarne, apoteke, plo\u010dasti materijali, iveral, iverica, radne plo\u010de, abs rubna traka, sustavi za ladice, spojnice, \u0161arniri, okov za naje\u0161taj, ukrasni okov, ugradbeni ormari, pregradne stjene, klizni sustavi","og_url":"https:\/\/sigma-plus.hr\/index.php\/proizvod\/f011-st9\/","og_site_name":"SIGMA PLUS","article_publisher":"https:\/\/www.facebook.com\/SigmaPlusNamjestaj\/","article_modified_time":"2024-02-27T07:59:24+00:00","og_image":[{"width":682,"height":1024,"url":"https:\/\/sigma-plus.hr\/wp-content\/uploads\/2020\/05\/F011-ST9-682x1024.jpg","type":"image\/jpeg"}],"twitter_card":"summary_large_image","schema":{"@context":"https:\/\/schema.org","@graph":[{"@type":"WebPage","@id":"https:\/\/sigma-plus.hr\/index.php\/proizvod\/f011-st9\/","url":"https:\/\/sigma-plus.hr\/index.php\/proizvod\/f011-st9\/","name":"F011 ST9 - SIGMA PLUS","isPartOf":{"@id":"https:\/\/sigma-plus.hr\/#website"},"primaryImageOfPage":{"@id":"https:\/\/sigma-plus.hr\/index.php\/proizvod\/f011-st9\/#primaryimage"},"image":{"@id":"https:\/\/sigma-plus.hr\/index.php\/proizvod\/f011-st9\/#primaryimage"},"thumbnailUrl":"https:\/\/sigma-plus.hr\/wp-content\/uploads\/2020\/05\/F011-ST9.jpg","datePublished":"2020-05-06T12:20:59+00:00","dateModified":"2024-02-27T07:59:24+00:00","description":"namje\u0161taj, opremanje, ljekarne, apoteke, plo\u010dasti materijali, iveral, iverica, radne plo\u010de, abs rubna traka, sustavi za ladice, spojnice, \u0161arniri, okov za naje\u0161taj, ukrasni okov, ugradbeni ormari, pregradne stjene, klizni sustavi","breadcrumb":{"@id":"https:\/\/sigma-plus.hr\/index.php\/proizvod\/f011-st9\/#breadcrumb"},"inLanguage":"hr","potentialAction":[{"@type":"ReadAction","target":["https:\/\/sigma-plus.hr\/index.php\/proizvod\/f011-st9\/"]}]},{"@type":"ImageObject","inLanguage":"hr","@id":"https:\/\/sigma-plus.hr\/index.php\/proizvod\/f011-st9\/#primaryimage","url":"https:\/\/sigma-plus.hr\/wp-content\/uploads\/2020\/05\/F011-ST9.jpg","contentUrl":"https:\/\/sigma-plus.hr\/wp-content\/uploads\/2020\/05\/F011-ST9.jpg","width":1700,"height":2551},{"@type":"BreadcrumbList","@id":"https:\/\/sigma-plus.hr\/index.php\/proizvod\/f011-st9\/#breadcrumb","itemListElement":[{"@type":"ListItem","position":1,"name":"Po\u010detna stranica","item":"https:\/\/sigma-plus.hr\/"},{"@type":"ListItem","position":2,"name":"DEKORI","item":"https:\/\/sigma-plus.hr\/index.php\/dekori-2\/"},{"@type":"ListItem","position":3,"name":"F011 ST9"}]},{"@type":"WebSite","@id":"https:\/\/sigma-plus.hr\/#website","url":"https:\/\/sigma-plus.hr\/","name":"SIGMA PLUS","description":"DIZAJN \/ FUNKCIONALNOST \/ KVALITETA","publisher":{"@id":"https:\/\/sigma-plus.hr\/#organization"},"potentialAction":[{"@type":"SearchAction","target":{"@type":"EntryPoint","urlTemplate":"https:\/\/sigma-plus.hr\/?s={search_term_string}"},"query-input":{"@type":"PropertyValueSpecification","valueRequired":true,"valueName":"search_term_string"}}],"inLanguage":"hr"},{"@type":"Organization","@id":"https:\/\/sigma-plus.hr\/#organization","name":"Sigma plus d.o.o.","url":"https:\/\/sigma-plus.hr\/","logo":{"@type":"ImageObject","inLanguage":"hr","@id":"https:\/\/sigma-plus.hr\/#\/schema\/logo\/image\/","url":"https:\/\/sigma-plus.hr\/wp-content\/uploads\/2018\/10\/sigma-plus_logo1.png","contentUrl":"https:\/\/sigma-plus.hr\/wp-content\/uploads\/2018\/10\/sigma-plus_logo1.png","width":394,"height":91,"caption":"Sigma plus d.o.o."},"image":{"@id":"https:\/\/sigma-plus.hr\/#\/schema\/logo\/image\/"},"sameAs":["https:\/\/www.facebook.com\/SigmaPlusNamjestaj\/"]}]}},"_links":{"self":[{"href":"https:\/\/sigma-plus.hr\/index.php\/wp-json\/wp\/v2\/product\/4295","targetHints":{"allow":["GET"]}}],"collection":[{"href":"https:\/\/sigma-plus.hr\/index.php\/wp-json\/wp\/v2\/product"}],"about":[{"href":"https:\/\/sigma-plus.hr\/index.php\/wp-json\/wp\/v2\/types\/product"}],"wp:featuredmedia":[{"embeddable":true,"href":"https:\/\/sigma-plus.hr\/index.php\/wp-json\/wp\/v2\/media\/4278"}],"wp:attachment":[{"href":"https:\/\/sigma-plus.hr\/index.php\/wp-json\/wp\/v2\/media?parent=4295"}],"wp:term":[{"taxonomy":"product_brand","embeddable":true,"href":"https:\/\/sigma-plus.hr\/index.php\/wp-json\/wp\/v2\/product_brand?post=4295"},{"taxonomy":"product_cat","embeddable":true,"href":"https:\/\/sigma-plus.hr\/index.php\/wp-json\/wp\/v2\/product_cat?post=4295"},{"taxonomy":"product_tag","embeddable":true,"href":"https:\/\/sigma-plus.hr\/index.php\/wp-json\/wp\/v2\/product_tag?post=4295"}],"curies":[{"name":"wp","href":"https:\/\/api.w.org\/{rel}","templated":true}]}}